{"id":5092,"date":"2025-01-29T22:42:57","date_gmt":"2025-01-29T22:42:57","guid":{"rendered":"https:\/\/magnificomondoitaliano.com\/platzierungstest\/"},"modified":"2025-10-06T13:08:38","modified_gmt":"2025-10-06T13:08:38","slug":"platzierungstest","status":"publish","type":"page","link":"https:\/\/magnificomondoitaliano.com\/de\/platzierungstest\/","title":{"rendered":"PLATZIERUNGSTEST"},"content":{"rendered":"\t\t<div data-elementor-type=\"wp-page\" data-elementor-id=\"5092\" class=\"elementor elementor-5092 elementor-632\" data-elementor-post-type=\"page\">\n\t\t\t\t\t\t<header class=\"elementor-section elementor-top-section elementor-element elementor-element-66e494ec elementor-section-height-min-height elementor-section-items-bottom elementor-section-boxed elementor-section-height-default\" data-id=\"66e494ec\" data-element_type=\"section\" data-e-type=\"section\" data-settings=\"{&quot;background_background&quot;:&quot;classic&quot;}\">\n\t\t\t\t\t\t\t<div class=\"elementor-background-overlay\"><\/div>\n\t\t\t\t\t\t\t<div class=\"elementor-container elementor-column-gap-wider\">\n\t\t\t\t\t<div class=\"elementor-column elementor-col-50 elementor-top-column elementor-element elementor-element-6a30e541\" data-id=\"6a30e541\" data-element_type=\"column\" data-e-type=\"column\">\n\t\t\t<div class=\"elementor-widget-wrap elementor-element-populated\">\n\t\t\t\t\t\t<div class=\"elementor-element elementor-element-81553f6 elementor-widget__width-initial elementor-widget elementor-widget-heading\" data-id=\"81553f6\" data-element_type=\"widget\" data-e-type=\"widget\" data-widget_type=\"heading.default\">\n\t\t\t\t\t<h1 class=\"elementor-heading-title elementor-size-default\">LEVEL TEST<\/h1>\t\t\t\t<\/div>\n\t\t\t\t<div class=\"elementor-element elementor-element-359f40d elementor-widget elementor-widget-heading\" data-id=\"359f40d\" data-element_type=\"widget\" data-e-type=\"widget\" data-widget_type=\"heading.default\">\n\t\t\t\t\t<h3 class=\"elementor-heading-title elementor-size-default\">KOSTENLOS<\/h3>\t\t\t\t<\/div>\n\t\t\t\t\t<\/div>\n\t\t<\/div>\n\t\t\t\t<div class=\"elementor-column elementor-col-50 elementor-top-column elementor-element elementor-element-77eb334d elementor-invisible\" data-id=\"77eb334d\" data-element_type=\"column\" data-e-type=\"column\" data-settings=\"{&quot;background_background&quot;:&quot;classic&quot;,&quot;animation&quot;:&quot;fadeIn&quot;}\">\n\t\t\t<div class=\"elementor-widget-wrap\">\n\t\t\t\t\t\t\t<\/div>\n\t\t<\/div>\n\t\t\t\t\t<\/div>\n\t\t<\/header>\n\t\t<div class=\"elementor-element elementor-element-cf2daae e-flex e-con-boxed e-con e-parent\" data-id=\"cf2daae\" data-element_type=\"container\" data-e-type=\"container\">\n\t\t\t\t\t<div class=\"e-con-inner\">\n\t\t<div class=\"elementor-element elementor-element-3f3925f e-con-full e-flex e-con e-child\" data-id=\"3f3925f\" data-element_type=\"container\" data-e-type=\"container\">\n\t\t\t\t<div class=\"elementor-element elementor-element-428540f elementor-widget elementor-widget-image\" data-id=\"428540f\" data-element_type=\"widget\" data-e-type=\"widget\" data-widget_type=\"image.default\">\n\t\t\t\t\t\t\t\t\t\t\t\t\t\t\t<img fetchpriority=\"high\" decoding=\"async\" width=\"768\" height=\"768\" src=\"https:\/\/magnificomondoitaliano.com\/wp-content\/uploads\/2025\/02\/53_learn-italian-online_one-to-one_magnifico-mondo-italiano-768x768.jpg\" class=\"attachment-medium_large size-medium_large wp-image-4365\" alt=\"\" srcset=\"https:\/\/magnificomondoitaliano.com\/wp-content\/uploads\/2025\/02\/53_learn-italian-online_one-to-one_magnifico-mondo-italiano-768x768.jpg 768w, https:\/\/magnificomondoitaliano.com\/wp-content\/uploads\/2025\/02\/53_learn-italian-online_one-to-one_magnifico-mondo-italiano-300x300.jpg 300w, https:\/\/magnificomondoitaliano.com\/wp-content\/uploads\/2025\/02\/53_learn-italian-online_one-to-one_magnifico-mondo-italiano-100x100.jpg 100w, https:\/\/magnificomondoitaliano.com\/wp-content\/uploads\/2025\/02\/53_learn-italian-online_one-to-one_magnifico-mondo-italiano-600x600.jpg 600w, https:\/\/magnificomondoitaliano.com\/wp-content\/uploads\/2025\/02\/53_learn-italian-online_one-to-one_magnifico-mondo-italiano-150x150.jpg 150w, https:\/\/magnificomondoitaliano.com\/wp-content\/uploads\/2025\/02\/53_learn-italian-online_one-to-one_magnifico-mondo-italiano.jpg 1024w\" sizes=\"(max-width: 768px) 100vw, 768px\" title=\"\">\t\t\t\t\t\t\t\t\t\t\t\t\t\t\t<\/div>\n\t\t\t\t<\/div>\n\t\t<div class=\"elementor-element elementor-element-13b82fc e-con-full e-flex e-con e-child\" data-id=\"13b82fc\" data-element_type=\"container\" data-e-type=\"container\">\n\t\t<div class=\"elementor-element elementor-element-785078a e-con-full e-flex e-con e-child\" data-id=\"785078a\" data-element_type=\"container\" data-e-type=\"container\">\n\t\t\t\t<div class=\"elementor-element elementor-element-6a10385 elementor-widget elementor-widget-text-editor\" data-id=\"6a10385\" data-element_type=\"widget\" data-e-type=\"widget\" data-widget_type=\"text-editor.default\">\n\t\t\t\t\t\t\t\t\t<div class=\"col-12 mb-3 decoration-null decoration-\"><h2 data-start=\"111\" data-end=\"148\"><strong data-start=\"111\" data-end=\"148\">Finden Sie Ihr Italienisch-Niveau heraus!<\/strong><\/h2><\/div><div class=\"col-12\"><p>Der <strong>erste Schritt <\/strong>bei der <strong>Wahl<\/strong> des<strong> richtigen Kurses f\u00fcr Sie<\/strong> ist es, Ihr <strong>Sprachniveau<\/strong> zu ermitteln. In nur wenigen Minuten k\u00f6nnen Sie Ihre Sprachkenntnisse einsch\u00e4tzen und <strong>erhalten eine pers\u00f6nliche Beratung<\/strong> f\u00fcr Ihren Lernweg. <\/p><\/div>\t\t\t\t\t\t\t\t<\/div>\n\t\t<div class=\"elementor-element elementor-element-b363482 e-con-full e-flex e-con e-child\" data-id=\"b363482\" data-element_type=\"container\" data-e-type=\"container\">\n\t\t\t\t<div class=\"elementor-element elementor-element-8e61d71 elementor-widget elementor-widget-text-editor\" data-id=\"8e61d71\" data-element_type=\"widget\" data-e-type=\"widget\" data-widget_type=\"text-editor.default\">\n\t\t\t\t\t\t\t\t\t<p><strong>Authentifizieren Sie sich, um den kostenlosen Test zu machen.<\/strong><\/p>\t\t\t\t\t\t\t\t<\/div>\n\t\t\t\t<\/div>\n\t\t\t\t<\/div>\n\t\t<div class=\"elementor-element elementor-element-380b70a e-con-full e-flex e-con e-child\" data-id=\"380b70a\" data-element_type=\"container\" data-e-type=\"container\">\n\t\t\t\t<div class=\"elementor-element elementor-element-749cb68 elementor-widget elementor-widget-login\" data-id=\"749cb68\" data-element_type=\"widget\" data-e-type=\"widget\" data-widget_type=\"login.default\">\n\t\t\t\t\t\t\t<form class=\"elementor-login elementor-form\" method=\"post\" action=\"https:\/\/magnificomondoitaliano.com\/de\/wp-login.php\" aria-label=\"Anmeldeformular\">\n\t\t\t<input type=\"hidden\" name=\"redirect_to\" value=\"\/de\/wp-json\/wp\/v2\/pages\/5092\">\n\t\t\t<div class=\"elementor-form-fields-wrapper\">\n\t\t\t\t<div class=\"elementor-field-type-text elementor-field-group elementor-column elementor-col-100 elementor-field-required\">\n\t\t\t\t\t<label for=\"user-749cb68\" class=\"elementor-field-label\">Benutzername oder E-Mail Adresse<\/label>\n\t\t\t\t\t<input size=\"1\" type=\"text\" name=\"log\" id=\"user-749cb68\" placeholder=\"\" class=\"elementor-field elementor-field-textual elementor-size-sm\">\n\t\t\t\t<\/div>\n\t\t\t\t<div class=\"elementor-field-type-text elementor-field-group elementor-column elementor-col-100 elementor-field-required\">\n\t\t\t\t\t<label for=\"password-749cb68\" class=\"elementor-field-label\">Passwort<\/label>\n\t\t\t\t\t<input size=\"1\" type=\"password\" name=\"pwd\" id=\"password-749cb68\" placeholder=\"\" class=\"elementor-field elementor-field-textual elementor-size-sm\">\n\t\t\t\t<\/div>\n\n\t\t\t\t\t\t\t\t\t<div class=\"elementor-field-type-checkbox elementor-field-group elementor-column elementor-col-100 elementor-remember-me\">\n\t\t\t\t\t\t<label for=\"elementor-login-remember-me\">\n\t\t\t\t\t\t\t<input type=\"checkbox\" id=\"elementor-login-remember-me\" name=\"rememberme\" value=\"forever\">\n\t\t\t\t\t\t\tAngemeldet bleiben\t\t\t\t\t\t<\/label>\n\t\t\t\t\t<\/div>\n\t\t\t\t\n\t\t\t\t<div class=\"elementor-field-group elementor-column elementor-field-type-submit elementor-col-100\">\n\t\t\t\t\t<button type=\"submit\" class=\"elementor-size-sm elementor-button\" name=\"wp-submit\">\n\t\t\t\t\t\t\t\t\t\t\t\t\t\t\t<span class=\"elementor-button-text\">Anmelden<\/span>\n\t\t\t\t\t\t\t\t\t\t\t\t<\/button>\n\t\t\t\t<\/div>\n\n\t\t\t\t\t\t\t\t\t<div class=\"elementor-field-group elementor-column elementor-col-100\">\n\t\t\t\t\t\t\t\t\t\t\t\t\t\t\t\t\t\t\t\t<a class=\"elementor-lost-password\" href=\"https:\/\/magnificomondoitaliano.com\/de\/mein-konto\/lost-password\/\">\n\t\t\t\t\t\t\t\tPasswort vergessen?\t\t\t\t\t\t\t<\/a>\n\t\t\t\t\t\t\n\t\t\t\t\t\t\t\t\t\t\t<\/div>\n\t\t\t\t\t\t\t<\/div>\n\t\t<\/form>\n\t\t\t\t\t\t<\/div>\n\t\t\t\t<\/div>\n\t\t<div class=\"elementor-element elementor-element-cb1f6f1 e-con-full e-flex e-con e-child\" data-id=\"cb1f6f1\" data-element_type=\"container\" data-e-type=\"container\">\n\t\t\t\t<div class=\"elementor-element elementor-element-4cbd16a elementor-widget elementor-widget-text-editor\" data-id=\"4cbd16a\" data-element_type=\"widget\" data-e-type=\"widget\" data-widget_type=\"text-editor.default\">\n\t\t\t\t\t\t\t\t\t<p>* Wenn Sie sich einloggen, akzeptieren Sie unsere Allgemeinen Gesch\u00e4ftsbedingungen.<\/p>\t\t\t\t\t\t\t\t<\/div>\n\t\t\t\t<\/div>\n\t\t\t\t<\/div>\n\t\t\t\t\t<\/div>\n\t\t\t\t<\/div>\n\t\t\t\t<\/div>\n\t\t","protected":false},"excerpt":{"rendered":"<p>LEVEL TEST KOSTENLOS Finden Sie Ihr Italienisch-Niveau heraus! Der erste Schritt bei der Wahl des richtigen Kurses f\u00fcr Sie ist es, Ihr Sprachniveau zu ermitteln. In nur wenigen Minuten k\u00f6nnen Sie Ihre Sprachkenntnisse einsch\u00e4tzen und erhalten eine pers\u00f6nliche Beratung f\u00fcr Ihren Lernweg. Authentifizieren Sie sich, um den kostenlosen Test zu machen. * Wenn Sie sich [&hellip;]<\/p>\n","protected":false},"author":1,"featured_media":0,"parent":0,"menu_order":0,"comment_status":"closed","ping_status":"closed","template":"","meta":{"footnotes":""},"class_list":["post-5092","page","type-page","status-publish","hentry"],"_links":{"self":[{"href":"https:\/\/magnificomondoitaliano.com\/de\/wp-json\/wp\/v2\/pages\/5092","targetHints":{"allow":["GET"]}}],"collection":[{"href":"https:\/\/magnificomondoitaliano.com\/de\/wp-json\/wp\/v2\/pages"}],"about":[{"href":"https:\/\/magnificomondoitaliano.com\/de\/wp-json\/wp\/v2\/types\/page"}],"author":[{"embeddable":true,"href":"https:\/\/magnificomondoitaliano.com\/de\/wp-json\/wp\/v2\/users\/1"}],"replies":[{"embeddable":true,"href":"https:\/\/magnificomondoitaliano.com\/de\/wp-json\/wp\/v2\/comments?post=5092"}],"version-history":[{"count":5,"href":"https:\/\/magnificomondoitaliano.com\/de\/wp-json\/wp\/v2\/pages\/5092\/revisions"}],"predecessor-version":[{"id":11764,"href":"https:\/\/magnificomondoitaliano.com\/de\/wp-json\/wp\/v2\/pages\/5092\/revisions\/11764"}],"wp:attachment":[{"href":"https:\/\/magnificomondoitaliano.com\/de\/wp-json\/wp\/v2\/media?parent=5092"}],"curies":[{"name":"wp","href":"https:\/\/api.w.org\/{rel}","templated":true}]}}