{"id":5307,"date":"2025-05-20T22:50:05","date_gmt":"2025-05-20T22:50:05","guid":{"rendered":"https:\/\/magnificomondoitaliano.com\/datenschutz-und-informationen-zu-persoenlichen-daten\/"},"modified":"2025-11-18T08:53:23","modified_gmt":"2025-11-18T08:53:23","slug":"datenschutz-und-informationen-zu-persoenlichen-daten","status":"publish","type":"page","link":"https:\/\/magnificomondoitaliano.com\/de\/datenschutz-und-informationen-zu-persoenlichen-daten\/","title":{"rendered":"Datenschutz und Informationen zu pers\u00f6nlichen Daten"},"content":{"rendered":"\t\t<div data-elementor-type=\"wp-page\" data-elementor-id=\"5307\" class=\"elementor elementor-5307 elementor-3056\" data-elementor-post-type=\"page\">\n\t\t\t\t<div class=\"elementor-element elementor-element-7d043030 e-flex e-con-boxed e-con e-parent\" data-id=\"7d043030\" data-element_type=\"container\" data-e-type=\"container\">\n\t\t\t\t\t<div class=\"e-con-inner\">\n\t\t\t\t<div class=\"elementor-element elementor-element-494defc9 elementor-widget elementor-widget-text-editor\" data-id=\"494defc9\" data-element_type=\"widget\" data-e-type=\"widget\" data-widget_type=\"text-editor.default\">\n\t\t\t\t\t\t\t\t\t<h2>Magnifico Mondo Italiano Datenschutz und pers\u00f6nliche Daten<\/h2><p> <\/p><p><b>Datum der letzten \u00dcberarbeitung:<\/b> 26. Juni 2025<\/p><p>Willkommen bei Magnifico Mondo Italiano! Wir verpflichten uns, Ihre Privatsph\u00e4re und Ihre pers\u00f6nlichen Daten zu sch\u00fctzen. Diese Richtlinie erkl\u00e4rt, welche Informationen wir sammeln, wie wir sie verwenden und welche Rechte Sie haben.  <\/p><hr><p> <\/p><h3>Welche pers\u00f6nlichen Daten wir sammeln und warum wir sie sammeln<\/h3><p> <\/p><p>Wir sammeln verschiedene Arten von Informationen, um Ihnen unsere Dienste anzubieten und Ihre Erfahrung auf der Website zu verbessern.<\/p><ul><li><p><b>Kommentare:<\/b> Wenn Sie einen Kommentar hinterlassen, erfassen wir die im Kommentarformular angezeigten Daten, Ihre IP-Adresse und den Browser User Agent String, um Spam zu verhindern. Wenn Sie ein Gravatar-Profilbild haben, kann dieses \u00f6ffentlich neben Ihrem Kommentar angezeigt werden. <\/p><\/li><li><p><b>Medien:<\/b> Wenn Sie Bilder auf die Website hochladen, vermeiden Sie solche mit eingebetteten Standortdaten (EXIF-GPS), da andere Benutzer diese Daten herunterladen und extrahieren k\u00f6nnten.<\/p><\/li><li><p><b>Kontakt- und Anmeldeformulare:<\/b> Die \u00fcber Kontakt- oder Anmeldeformulare \u00fcbermittelten Daten (z. B. Name, E-Mail, Telefon) werden nur dann zur Beantwortung Ihrer Anfragen, zur Zusendung von Newslettern oder f\u00fcr Marketingzwecke verwendet, wenn Sie Ihre ausdr\u00fcckliche Zustimmung erteilt haben.<\/p><\/li><li><p><b>Cookies:<\/b> Wir verwenden Cookies, um Ihre Navigation zu verbessern, Ihre Einstellungen zu speichern (z.B. Login-Daten, Bildschirmoptionen) und die Nutzung der Website zu analysieren. Login-Cookies bleiben zwei Tage lang gespeichert, Cookies f\u00fcr Bildschirmoptionen ein Jahr lang. Wenn Sie &#8222;Remember me&#8220; w\u00e4hlen, bleibt Ihr Login zwei Wochen lang erhalten. Cookies von Drittanbietern (z.B. von eingebetteten Videos) werden gem\u00e4\u00df deren Datenschutzrichtlinien behandelt.   <\/p><\/li><li><p><b>Eingebettete Inhalte von anderen Websites:<\/b> Artikel auf unserer Website k\u00f6nnen eingebettete Inhalte (z.B. Videos, Bilder, Artikel) von anderen Websites enthalten. Dieser Inhalt verh\u00e4lt sich genau so, als h\u00e4tten Sie die andere Website besucht, die m\u00f6glicherweise Daten \u00fcber Sie sammelt, Cookies verwendet, Tracking von Dritten einbindet und Ihre Interaktion \u00fcberwacht. <\/p><\/li><li><p><b>Analytik:<\/b> Wir verwenden Analysedienste (wie Google Analytics), um zu verstehen, wie Benutzer mit unserer Website interagieren, um den Inhalt und die Benutzererfahrung zu verbessern. Die gesammelten Daten sind anonym und aggregiert. <\/p><\/li><\/ul><hr><p> <\/p><h3>Marketingkommunikation per SMS<\/h3><p> <\/p><p>Wir sind bestrebt, Ihnen ein personalisiertes und informiertes Erlebnis zu bieten. Wenn Sie sich f\u00fcr unser SMS-Marketingprogramm angemeldet haben: <\/p><ul><li><p><b>Erfassung der Telefonnummer:<\/b> Wir erfassen Ihre Telefonnummer, wenn Sie sich registrieren, z.B. \u00fcber ein entsprechendes Formular auf unserer Website oder w\u00e4hrend des Bestellvorgangs.<\/p><\/li><li><p><b>Verwendungszweck:<\/b> Ihre Telefonnummer wird ausschlie\u00dflich dazu verwendet, Ihnen Textnachrichten zu senden. Diese Textnachrichten k\u00f6nnen enthalten: <\/p><ul><li><p>Updates und Neuigkeiten zu Magnifico Mondo Italiano.<\/p><\/li><li><p>Sonderangebote und exklusive Promotionen.<\/p><\/li><li><p>Informationen \u00fcber unsere Produkte und Dienstleistungen.<\/p><\/li><li><p>Mahnungen f\u00fcr verlassene Trolleys (siehe n\u00e4chster Abschnitt).<\/p><\/li><\/ul><\/li><li><p><b>Datenverwaltung:<\/b> Ihre Kontaktdaten werden vertraulich behandelt und nur f\u00fcr die Zwecke verwendet, f\u00fcr die Sie Ihre ausdr\u00fcckliche Zustimmung gegeben haben.<\/p><\/li><li><p><b>Widerrufsrecht:<\/b> Sie k\u00f6nnen Ihr Abonnement f\u00fcr diese Dienste jederzeit k\u00fcndigen, indem Sie die in jeder SMS enthaltenen Anweisungen befolgen (in der Regel antworten Sie mit &#8218;STOP&#8216;).<\/p><\/li><\/ul><hr><p> <\/p><h3>Warenkorb\u00fcberwachung und SMS-Benachrichtigungen<\/h3><p> <\/p><ul><li><p><b>Warenkorbverfolgung:<\/b> Die Website von Magnifico Mondo Italiano verwendet <b>Cookies und\/oder \u00e4hnliche Technologien<\/b>, um die Artikel zu verfolgen, die Sie in Ihren Warenkorb gelegt haben. Dies gilt auch f\u00fcr F\u00e4lle, in denen der Einkaufswagen vor Abschluss des Kaufs verlassen wird. <\/p><\/li><li><p><b>Verwendung der Informationen:<\/b> Wir ben\u00f6tigen diese Informationen, um verlassene Warenk\u00f6rbe zu identifizieren. Wenn Sie Ihre <b>ausdr\u00fcckliche Zustimmung<\/b> zur SMS-Kommunikation gegeben haben, verwenden wir diese Informationen, um Ihnen SMS-Erinnerungen \u00fcber Ihren abgebrochenen Warenkorb zu senden, damit Sie Ihren Einkauf schnell und einfach abschlie\u00dfen k\u00f6nnen. <\/p><\/li><\/ul><hr><p> <\/p><h3>Mit wem wir Ihre Daten teilen<\/h3><p> <\/p><p>Wir geben Ihre Daten nur an Dritte weiter, die uns dabei helfen, unsere Dienstleistungen f\u00fcr Sie zu erbringen, z. B. Hosting-Anbieter, Analysedienste und E-Mail-\/SMS-Marketingplattformen. Diese Partner sind an Vertraulichkeitsvereinbarungen gebunden und verarbeiten Ihre Daten nur nach unseren Anweisungen und in \u00dcbereinstimmung mit der DSGVO und anderen geltenden Vorschriften. <\/p><p><b>Wichtig:<\/b> Es wird darauf hingewiesen, dass jede Bezugnahme in dieser Datenschutzrichtlinie auf die Weitergabe oder den Verkauf von Daten an nicht verbundene Dritte <b>ausdr\u00fccklich Abonnementdaten und SMS-Zustimmungen ausschlie\u00dft.<\/b> Diese Informationen (Telefonnummern und SMS-Zustimmung) werden unter keinen Umst\u00e4nden an Dritte weitergegeben, verkauft oder \u00fcbertragen. <\/p><hr><p> <\/p><h3>Wie lange wir Ihre Daten aufbewahren<\/h3><p> <\/p><ul><li><p><b>Kommentare:<\/b> Wenn Sie einen Kommentar hinterlassen, werden der Kommentar und seine Metadaten auf unbestimmte Zeit gespeichert, um nachfolgende Kommentare automatisch zu erkennen und zu genehmigen.<\/p><\/li><li><p>Registrierte Benutzer<b>:<\/b> F\u00fcr Benutzer, die sich auf unserer Website registrieren, speichern wir die von ihnen angegebenen pers\u00f6nlichen Daten in ihrem Benutzerprofil. Alle Benutzer k\u00f6nnen ihre pers\u00f6nlichen Daten jederzeit einsehen, bearbeiten oder l\u00f6schen (mit Ausnahme ihres Benutzernamens). Website-Administratoren k\u00f6nnen diese Informationen ebenfalls einsehen und bearbeiten.  <\/p><\/li><li><p><b>Kauf- und Kommunikationsdaten:<\/b> Kauf- und Marketing-Kommunikationsdaten (einschlie\u00dflich SMS-Zustimmungen) werden so lange aufbewahrt, wie es f\u00fcr die Erbringung der Dienstleistungen, die Erf\u00fcllung gesetzlicher und steuerlicher Verpflichtungen und die Bearbeitung von Streitf\u00e4llen in \u00dcbereinstimmung mit den geltenden Gesetzen erforderlich ist.<\/p><\/li><\/ul><hr><p> <\/p><h3>Welche Rechte haben Sie in Bezug auf Ihre Daten?<\/h3><p> <\/p><p>Wenn Sie ein Konto auf dieser Website haben oder Kommentare hinterlassen haben, k\u00f6nnen Sie eine exportierte Datei mit den pers\u00f6nlichen Daten anfordern, die wir \u00fcber Sie gespeichert haben, einschlie\u00dflich der Daten, die Sie uns zur Verf\u00fcgung gestellt haben. Sie k\u00f6nnen auch die L\u00f6schung dieser Daten beantragen. Dies gilt nicht f\u00fcr Daten, die wir aus administrativen, rechtlichen oder Sicherheitsgr\u00fcnden aufbewahren m\u00fcssen.  <\/p><hr><p> <\/p><h3>Wohin wir Ihre Daten senden<\/h3><p> <\/p><p>Besucherkommentare und zu Marketingzwecken gesammelte Daten k\u00f6nnen \u00fcber einen automatischen Spam-Erkennungsdienst \u00fcberpr\u00fcft werden. Die Daten k\u00f6nnen auf Servern von Dienstleistern (z.B. E-Mail-\/SMS-Marketingdienste, Hosting) verarbeitet werden, die sich ebenfalls au\u00dferhalb des Europ\u00e4ischen Wirtschaftsraums befinden, vorbehaltlich der von der DSGVO vorgesehenen Schutzma\u00dfnahmen (z.B. Standardvertragsklauseln oder gleichwertige Vereinbarungen). <\/p>\t\t\t\t\t\t\t\t<\/div>\n\t\t\t\t\t<\/div>\n\t\t\t\t<\/div>\n\t\t\t\t<\/div>\n\t\t","protected":false},"excerpt":{"rendered":"<p>Magnifico Mondo Italiano Datenschutz und pers\u00f6nliche Daten Datum der letzten \u00dcberarbeitung: 26. Juni 2025 Willkommen bei Magnifico Mondo Italiano! Wir verpflichten uns, Ihre Privatsph\u00e4re und Ihre pers\u00f6nlichen Daten zu sch\u00fctzen. Diese Richtlinie erkl\u00e4rt, welche Informationen wir sammeln, wie wir sie verwenden und welche Rechte Sie haben. Welche pers\u00f6nlichen Daten wir sammeln und warum wir sie [&hellip;]<\/p>\n","protected":false},"author":2,"featured_media":0,"parent":0,"menu_order":0,"comment_status":"closed","ping_status":"closed","template":"","meta":{"footnotes":""},"class_list":["post-5307","page","type-page","status-publish","hentry"],"_links":{"self":[{"href":"https:\/\/magnificomondoitaliano.com\/de\/wp-json\/wp\/v2\/pages\/5307","targetHints":{"allow":["GET"]}}],"collection":[{"href":"https:\/\/magnificomondoitaliano.com\/de\/wp-json\/wp\/v2\/pages"}],"about":[{"href":"https:\/\/magnificomondoitaliano.com\/de\/wp-json\/wp\/v2\/types\/page"}],"author":[{"embeddable":true,"href":"https:\/\/magnificomondoitaliano.com\/de\/wp-json\/wp\/v2\/users\/2"}],"replies":[{"embeddable":true,"href":"https:\/\/magnificomondoitaliano.com\/de\/wp-json\/wp\/v2\/comments?post=5307"}],"version-history":[{"count":5,"href":"https:\/\/magnificomondoitaliano.com\/de\/wp-json\/wp\/v2\/pages\/5307\/revisions"}],"predecessor-version":[{"id":14190,"href":"https:\/\/magnificomondoitaliano.com\/de\/wp-json\/wp\/v2\/pages\/5307\/revisions\/14190"}],"wp:attachment":[{"href":"https:\/\/magnificomondoitaliano.com\/de\/wp-json\/wp\/v2\/media?parent=5307"}],"curies":[{"name":"wp","href":"https:\/\/api.w.org\/{rel}","templated":true}]}}