{"id":12457,"date":"2025-10-22T09:57:28","date_gmt":"2025-10-22T09:57:28","guid":{"rendered":"https:\/\/magnificomondoitaliano.com\/prodotto\/workshop-c1-italien-mit-ferrante-entschluesseln\/"},"modified":"2025-10-22T09:57:28","modified_gmt":"2025-10-22T09:57:28","slug":"workshop-c1-italien-mit-ferrante-entschluesseln","status":"publish","type":"product","link":"https:\/\/magnificomondoitaliano.com\/de\/negozio\/workshop-c1-italien-mit-ferrante-entschluesseln\/","title":{"rendered":"Workshop C1: Italien mit Ferrante entschl\u00fcsseln."},"content":{"rendered":"<p data-pm-slice=\"1 1 []\"><strong>Warum dieser Workshop grundlegend f\u00fcr Ihr B2+\/C1-Niveau ist:<\/strong> Dieses Labor ist f\u00fcr den reifen Studenten konzipiert, der \u00fcber die generische Debatte hinausgehen und die <strong>sozialen Strukturen, Machtdynamiken und emotionalen Ausdrucksformen<\/strong> der zeitgen\u00f6ssischen italienischen Kultur analysieren m\u00f6chte. Wir werden das Werk von Elena Ferrante als Linse verwenden, um auf ein <strong>C2-Vokabular<\/strong> (journalistisch, essayistisch und narrativ) zuzugreifen und die Sprache des Erz\u00e4hlens und der Kritik zu beherrschen. <\/p>\n<p><strong>Was Sie lernen werden:<\/strong><\/p>\n<ol>\n<li><strong>Komplexe narrative Analyse:<\/strong> Syntaktische Strukturen und Redewendungen, die in der gehobenen Literatur und im Meinungsjournalismus verwendet werden.<\/li>\n<li><strong>Soziokulturelles Lexikon:<\/strong> Spezifisches Vokabular zur Diskussion von Themen wie Feminismus, Ungleichheiten, famili\u00e4re Beziehungen und italienische Identit\u00e4t.<\/li>\n<li><strong>Tiefe emotionale Sprache:<\/strong> Entwicklung der F\u00e4higkeit, komplexe und kritische emotionale Nuancen auszudr\u00fccken, was f\u00fcr die wahre Beherrschung der Sprache unerl\u00e4sslich ist.<\/li>\n<li><strong>Kritische Diskussion:<\/strong> Strukturierte Debatten \u00fcber komplexe Texte und Konzepte f\u00fchren, wobei von der Meinung zur echten Argumentation \u00fcbergegangen wird.<\/li>\n<\/ol>\n<p><strong>Struktur:<\/strong> 4 Treffen \u00e0 90 Minuten. <strong>Erforderliches Niveau:<\/strong> B2+ (Starke Grammatikkenntnisse f\u00fcr die Komplexit\u00e4t der Texte erforderlich).<\/p>\n","protected":false},"excerpt":{"rendered":"<p><b>Die kritische Analyse ist die wahre C1-Sprache.<\/b> Durch die <i>sensiblen<\/i> Dialoge von Elena Ferrante erwerben Sie das Vokabular des Kulturjournalismus, das notwendig ist, um \u00fcber Feminismus, komplexe soziale Dynamiken und die zeitgen\u00f6ssische italienische Kultur zu debattieren. Es ist nicht nur ein Sprachkurs, sondern ein Labor f\u00fcr kritisches Denken. <\/p>\n","protected":false},"featured_media":12085,"template":"","meta":[],"product_brand":[],"product_cat":[148],"product_tag":[167,168,169,170,172,171],"class_list":{"0":"post-12457","1":"product","2":"type-product","3":"status-publish","4":"has-post-thumbnail","6":"product_cat-workshop","7":"product_tag-effektiver-italienischkurs-2","8":"product_tag-italienisch-2","9":"product_tag-italienische-sprache-2","10":"product_tag-online-lektion","11":"product_tag-personalisierter-italienischkurs","12":"product_tag-personalisierter-kurs","14":"first","15":"instock","16":"shipping-taxable","17":"purchasable","18":"product-type-simple"},"_links":{"self":[{"href":"https:\/\/magnificomondoitaliano.com\/de\/wp-json\/wp\/v2\/product\/12457","targetHints":{"allow":["GET"]}}],"collection":[{"href":"https:\/\/magnificomondoitaliano.com\/de\/wp-json\/wp\/v2\/product"}],"about":[{"href":"https:\/\/magnificomondoitaliano.com\/de\/wp-json\/wp\/v2\/types\/product"}],"wp:featuredmedia":[{"embeddable":true,"href":"https:\/\/magnificomondoitaliano.com\/de\/wp-json\/wp\/v2\/media\/12085"}],"wp:attachment":[{"href":"https:\/\/magnificomondoitaliano.com\/de\/wp-json\/wp\/v2\/media?parent=12457"}],"wp:term":[{"taxonomy":"product_brand","embeddable":true,"href":"https:\/\/magnificomondoitaliano.com\/de\/wp-json\/wp\/v2\/product_brand?post=12457"},{"taxonomy":"product_cat","embeddable":true,"href":"https:\/\/magnificomondoitaliano.com\/de\/wp-json\/wp\/v2\/product_cat?post=12457"},{"taxonomy":"product_tag","embeddable":true,"href":"https:\/\/magnificomondoitaliano.com\/de\/wp-json\/wp\/v2\/product_tag?post=12457"}],"curies":[{"name":"wp","href":"https:\/\/api.w.org\/{rel}","templated":true}]}}