{"id":12467,"date":"2025-10-22T10:21:50","date_gmt":"2025-10-22T10:21:50","guid":{"rendered":"https:\/\/magnificomondoitaliano.com\/prodotto\/workshop-b2-die-perfekte-melodie-des-italienischen-phonetik-und-aussprache\/"},"modified":"2025-10-22T10:44:20","modified_gmt":"2025-10-22T10:44:20","slug":"workshop-b2-die-perfekte-melodie-des-italienischen-phonetik-und-aussprache","status":"publish","type":"product","link":"https:\/\/magnificomondoitaliano.com\/de\/negozio\/workshop-b2-die-perfekte-melodie-des-italienischen-phonetik-und-aussprache\/","title":{"rendered":"Workshop B2: Die perfekte Melodie des Italienischen. Phonetik und Aussprache."},"content":{"rendered":"<p data-pm-slice=\"1 1 []\"><strong>Warum dieser Workshop f\u00fcr Ihr B2 oder C1 unerl\u00e4sslich ist:<\/strong><\/p>\n<p>Wenn Ihre Grammatik solide ist, aber Ihre Aussprache Sie blockiert oder unsicher f\u00fchlen l\u00e4sst, dann ist dies der richtige Workshop f\u00fcr Sie. Wir werden uns nicht darauf beschr\u00e4nken, die Laute zu korrigieren, sondern wir arbeiten am <strong>Rhythmus, der Intonation und dem <\/strong><em><strong>Klang<\/strong><\/em> Ihrer Stimme, um Ihnen eine klare und m\u00fchelose Kommunikation zu gew\u00e4hrleisten. <\/p>\n<p>Ziel ist es, Z\u00f6gern zu beseitigen, das H\u00f6rverst\u00e4ndnis zu beschleunigen und Ihr Italienisch in jedem Kontext <strong>fl\u00fcssig, nat\u00fcrlich und souver\u00e4n<\/strong> klingen zu lassen. Wir werden die h\u00e4ufigsten Fehler angehen, die auch auf fortgeschrittenen Niveaus bestehen bleiben. <\/p>\n<p><strong>Was Sie lernen werden:<\/strong><\/p>\n<ol>\n<li><strong>Fortgeschrittene Aussprachetechniken:<\/strong> Unterscheidung zwischen offenen und geschlossenen Vokalen (<code>e<\/code>, <code>o<\/code>) und die korrekte Artikulation von Doppelkonsonanten, entscheidend f\u00fcr die Klarheit.<\/li>\n<li><strong>Rhythmus und Intonation:<\/strong> Wie man den S\u00e4tzen die richtige Kadenz und Melodie verleiht, um den ausl\u00e4ndischen Akzent zu eliminieren und nat\u00fcrlicher zu klingen.<\/li>\n<li><strong>Geschwindigkeit und Fl\u00fcssigkeit:<\/strong> Gezielte \u00dcbungen, um W\u00f6rter ohne Z\u00f6gern zu verbinden und dem Rhythmus der Muttersprachler-Konversation zu folgen.<\/li>\n<li><strong>M\u00fcndliche Sicherheit:<\/strong> Unsicherheit im Wortgebrauch in eine sichere und wirkungsvolle Kommunikation umwandeln, indem Sie Ihre sprachliche <em>Performance<\/em> verbessern.<\/li>\n<\/ol>\n<p><strong>Struktur:<\/strong> 4 Treffen \u00e0 60 Minuten. <strong>Erforderliches Niveau:<\/strong> B2 (Ideal f\u00fcr diejenigen, die sich in der Konsolidierungsphase befinden oder phonetische Exzellenz erreichen m\u00f6chten).<\/p>\n","protected":false},"excerpt":{"rendered":"<p data-pm-slice=\"1 1 []\"><strong>Der essentielle Workshop zur Beseitigung von Unsicherheit und ausl\u00e4ndischem Akzent.<\/strong> Arbeiten Sie an Rhythmus, Intonation und fortgeschrittener Aussprache, um Ihr Italienisch <strong>nat\u00fcrlich und souver\u00e4n<\/strong> klingen zu lassen.<\/p>\n<p><strong>Ideal f\u00fcr:<\/strong> B2- und C1-Lernende, die den Klang ihrer Stimme perfektionieren m\u00f6chten.<\/p>\n<p><strong>Ergebnis:<\/strong> Maximale Klarheit, Fl\u00fcssigkeit und m\u00fcndliche Sicherheit.<\/p>\n<p><strong>Dauer:<\/strong> 4 Termine \u00e0 60 Minuten.<\/p>\n","protected":false},"featured_media":12060,"template":"","meta":[],"product_brand":[],"product_cat":[148],"product_tag":[128,167,126,127,125,124,172,171],"class_list":{"0":"post-12467","1":"product","2":"type-product","3":"status-publish","4":"has-post-thumbnail","6":"product_cat-workshop","7":"product_tag-effektiver-italienischkurs","8":"product_tag-effektiver-italienischkurs-2","9":"product_tag-italienische-sprache","10":"product_tag-italienischkurs-nach-mas","11":"product_tag-masgeschneiderter-kurs","12":"product_tag-online-unterricht","13":"product_tag-personalisierter-italienischkurs","14":"product_tag-personalisierter-kurs","16":"first","17":"instock","18":"shipping-taxable","19":"purchasable","20":"product-type-simple"},"_links":{"self":[{"href":"https:\/\/magnificomondoitaliano.com\/de\/wp-json\/wp\/v2\/product\/12467","targetHints":{"allow":["GET"]}}],"collection":[{"href":"https:\/\/magnificomondoitaliano.com\/de\/wp-json\/wp\/v2\/product"}],"about":[{"href":"https:\/\/magnificomondoitaliano.com\/de\/wp-json\/wp\/v2\/types\/product"}],"wp:featuredmedia":[{"embeddable":true,"href":"https:\/\/magnificomondoitaliano.com\/de\/wp-json\/wp\/v2\/media\/12060"}],"wp:attachment":[{"href":"https:\/\/magnificomondoitaliano.com\/de\/wp-json\/wp\/v2\/media?parent=12467"}],"wp:term":[{"taxonomy":"product_brand","embeddable":true,"href":"https:\/\/magnificomondoitaliano.com\/de\/wp-json\/wp\/v2\/product_brand?post=12467"},{"taxonomy":"product_cat","embeddable":true,"href":"https:\/\/magnificomondoitaliano.com\/de\/wp-json\/wp\/v2\/product_cat?post=12467"},{"taxonomy":"product_tag","embeddable":true,"href":"https:\/\/magnificomondoitaliano.com\/de\/wp-json\/wp\/v2\/product_tag?post=12467"}],"curies":[{"name":"wp","href":"https:\/\/api.w.org\/{rel}","templated":true}]}}