{"id":5932,"date":"2025-05-04T22:35:24","date_gmt":"2025-05-04T22:35:24","guid":{"rendered":"https:\/\/magnificomondoitaliano.com\/prodotto\/1-einzelstunde-45-minuten\/"},"modified":"2025-05-04T22:35:24","modified_gmt":"2025-05-04T22:35:24","slug":"1-einzelstunde-45-minuten","status":"publish","type":"product","link":"https:\/\/magnificomondoitaliano.com\/de\/negozio\/1-einzelstunde-45-minuten\/","title":{"rendered":"1 Einzelstunde (45 Minuten)"},"content":{"rendered":"<p class=\"\" data-start=\"1123\" data-end=\"1372\">\ud83d\udccc <strong data-start=\"1126\" data-end=\"1158\">Was diese Lektion beinhaltet:<\/strong><br \/>\n- 1 Einzellektion \u00e0 60 Minuten<br data-start=\"1195\" data-end=\"1198\">- Plattform: online (Zoom oder Google Meet)<br data-start=\"1240\" data-end=\"1243\">- Inklusive Lehrmaterial<br data-start=\"1272\" data-end=\"1275\">- Kommunikativer Ansatz mit Schwerpunkt auf Wortschatz, Grammatik und Kultur<br data-start=\"1343\" data-end=\"1346\">- Geeignet f\u00fcr alle Niveaus<\/p>\n<p class=\"\" data-start=\"1374\" data-end=\"1563\"><strong data-start=\"1013\" data-end=\"1046\">Was passiert nach dem Kauf?<br \/>\n<\/strong>\ud83d\udcac Nach dem Kauf werden Sie kontaktiert, um den Tag und die Uhrzeit der Unterrichtsstunde zu vereinbaren. Wenn Sie m\u00f6chten, k\u00f6nnen Sie zun\u00e4chst eine<br data-start=\"1461\" data-end=\"1464\">\ud83d\udcc5 <strong data-start=\"1507\" data-end=\"1540\">kostenlose Willkommensstunde<\/strong> auf der entsprechenden Seite buchen.<\/p>\n","protected":false},"excerpt":{"rendered":"<p>\ud83c\udf93 <strong>1 Einzelstunde Italienisch (60 min)<\/strong><br \/>\nMit einem erfahrenen Lehrer und einem ma\u00dfgeschneiderten Programm.<br \/>\nOnline, flexibel, ansprechend.<\/p>\n<p>&nbsp;<\/p>\n","protected":false},"featured_media":4425,"template":"","meta":[],"product_brand":[],"product_cat":[],"product_tag":[],"class_list":{"0":"post-5932","1":"product","2":"type-product","3":"status-publish","4":"has-post-thumbnail","7":"first","8":"instock","9":"virtual","10":"purchasable","11":"product-type-simple"},"_links":{"self":[{"href":"https:\/\/magnificomondoitaliano.com\/de\/wp-json\/wp\/v2\/product\/5932","targetHints":{"allow":["GET"]}}],"collection":[{"href":"https:\/\/magnificomondoitaliano.com\/de\/wp-json\/wp\/v2\/product"}],"about":[{"href":"https:\/\/magnificomondoitaliano.com\/de\/wp-json\/wp\/v2\/types\/product"}],"wp:featuredmedia":[{"embeddable":true,"href":"https:\/\/magnificomondoitaliano.com\/de\/wp-json\/wp\/v2\/media\/4425"}],"wp:attachment":[{"href":"https:\/\/magnificomondoitaliano.com\/de\/wp-json\/wp\/v2\/media?parent=5932"}],"wp:term":[{"taxonomy":"product_brand","embeddable":true,"href":"https:\/\/magnificomondoitaliano.com\/de\/wp-json\/wp\/v2\/product_brand?post=5932"},{"taxonomy":"product_cat","embeddable":true,"href":"https:\/\/magnificomondoitaliano.com\/de\/wp-json\/wp\/v2\/product_cat?post=5932"},{"taxonomy":"product_tag","embeddable":true,"href":"https:\/\/magnificomondoitaliano.com\/de\/wp-json\/wp\/v2\/product_tag?post=5932"}],"curies":[{"name":"wp","href":"https:\/\/api.w.org\/{rel}","templated":true}]}}