{"id":6976,"date":"2025-07-06T09:07:18","date_gmt":"2025-07-06T09:07:18","guid":{"rendered":"https:\/\/magnificomondoitaliano.com\/prodotto\/massgeschneiderter-einzelunterricht-2\/"},"modified":"2025-09-11T10:49:24","modified_gmt":"2025-09-11T10:49:24","slug":"massgeschneiderter-einzelunterricht-2","status":"publish","type":"product","link":"https:\/\/magnificomondoitaliano.com\/de\/negozio\/massgeschneiderter-einzelunterricht-2\/","title":{"rendered":"MASSGESCHNEIDERTER EINZELUNTERRICHT"},"content":{"rendered":"<p><b>Italienisch-Einzelunterricht online: eine ma\u00dfgeschneiderte Kulturreise f\u00fcr Sie<\/b><\/p>\n<p>Italienisch zu lernen ist eine Erfahrung, die \u00fcber die Grammatik hinausgeht: Es ist ein tiefes Eintauchen in die Kultur, Kunst und Seele des Bel Paese. Mit <i>Magnifico Mondo Italiano<\/i> bieten wir Ihnen einen einzigartigen Lernweg, der ganz auf Sie zugeschnitten ist und Ihre Leidenschaften und Ziele widerspiegelt. Wenn Sie eine authentische und tiefgreifende Lernerfahrung w\u00fcnschen, die das Erlernen der Sprache mit einer reichhaltigen kulturellen Erkundung verbindet, sind Sie bei uns genau an der richtigen Adresse.  <\/p>\n<p><b>Ihr ma\u00dfgeschneiderter Schulungskurs:<\/b><\/p>\n<p>Vergessen Sie standardisierte Kurse. Gemeinsam mit Ihnen stellen wir das perfekte Programm zusammen, das auf Ihre Bed\u00fcrfnisse, Ihr Ausgangsniveau (CEFR A1 bis C2) und Ihre speziellen Interessen abgestimmt ist. Unsere kommunikative Methode wird es Ihnen erm\u00f6glichen, von Anfang an zu sprechen und die Sprache durch anregende und authentische Inhalte zu erkunden.  <\/p>\n<p><b>W\u00e4hlen Sie den Schwerpunkt Ihrer kulturellen Vertiefung:<\/b><\/p>\n<p>Neben dem allgemeinen Italienisch zeichnen sich unsere Kurse durch die Erkundung einzigartiger kultureller Pfade aus. Sie k\u00f6nnen w\u00e4hlen, was Sie erkunden m\u00f6chten: <\/p>\n<ul>\n<li><b>Die Italiener mit Kunst:<\/b> Von der Geburt der Renaissance (Florenz, Leonardo, Michelangelo) bis zur zeitgen\u00f6ssischen italienischen Kunst (Land Art, AI und NFT) werden wir Werke, Bewegungen und K\u00fcnstler analysieren, die das kulturelle Erbe Italiens gepr\u00e4gt haben. Lernen Sie, ein Meisterwerk zu beschreiben, Maltechniken zu diskutieren und den kunsthistorischen Kontext zu verstehen. <\/li>\n<li><b>L&#8217;Italiano con il Cinema:<\/b> Reisen Sie durch die Geschichte des italienischen Kinos, von den Klassikern bis zu zeitgen\u00f6ssischen Regisseuren. Analysieren Sie Drehb\u00fccher, Dialoge und Themen, die die italienische Gesellschaft und Kultur widerspiegeln. <\/li>\n<li><b>Italienisch mit Lyric Opera:<\/b> Tauchen Sie ein in die Arien und Libretti der gro\u00dfen Meister, entdecken Sie die Musikalit\u00e4t der Sprache und das Drama, das die italienische Oper weltber\u00fchmt gemacht hat.<\/li>\n<li><b>Italienisch mit Theater:<\/b> Entdecken Sie den Reichtum des italienischen Theaters, von der Commedia dell&#8217;Arte bis hin zu moderneren Werken, und nutzen Sie die B\u00fchne als Werkzeug, um Ihren m\u00fcndlichen Ausdruck und Ihr kulturelles Verst\u00e4ndnis zu verbessern.<\/li>\n<\/ul>\n<p><b>Was wir Ihnen bieten:<\/b><\/p>\n<ul>\n<li><b>Hochgradig individueller Unterricht:<\/b> Jede Sitzung wird exklusiv f\u00fcr Sie gestaltet.<\/li>\n<li><b>Flexible Zeitpl\u00e4ne:<\/b> Wir passen uns Ihrer Verf\u00fcgbarkeit an, damit die Sitzungen nahtlos in Ihren Tagesablauf passen.<\/li>\n<li><b>Dynamische kommunikative Methode:<\/b> Sie werden von der ersten Stunde an sprechen, diskutieren und interagieren.<\/li>\n<li><b>Authentische und vertiefte Inhalte:<\/b> Wir verwenden ausgew\u00e4hlte Materialien aus renommierten Quellen wie Treccani, Artribune, Videos und Podcasts f\u00fcr anregendes und relevantes Lernen.<\/li>\n<li><b>Qualifizierte und spezialisierte Lehrer:<\/b> Unser Fachwissen basiert auf einer fundierten Kenntnis der italienischen Kunst- und Kulturdisziplinen. Alle Lehrer sind CEDILS-zertifiziert und garantieren eine Unterrichtserfahrung auf h\u00f6chstem Niveau.<\/li>\n<\/ul>\n<p>Entdecken Sie die Sch\u00f6nheit der italienischen Sprache durch ihre unvergleichliche Kultur. Der <i>personalisierte Einzelunterricht<\/i> von <i>Magnifico Mondo Italiano<\/i> ist Ihre authentische Br\u00fccke zur kulturellen Seele Italiens. <\/p>\n","protected":false},"excerpt":{"rendered":"<p>\ud83d\udccd <b>Ihr individueller, ma\u00dfgeschneiderter Online-Italienischkurs.<\/b> Tauchen Sie mit einer kommunikativen Methode und CEDILS-zertifizierten Lehrern in die italienische Kultur, Kunst, Kino und Oper ein. Flexible Stundenpl\u00e4ne, ma\u00dfgeschneiderte Inhalte f\u00fcr eine authentische Lernerfahrung. <\/p>\n<p>\ud83d\udc49 <b>Buchen Sie Ihre kostenlose Lektion oder w\u00e4hlen Sie das perfekte Paket, um Ihre Reise in die wunderbare italienische Welt zu beginnen!<\/b><\/p>\n","protected":false},"featured_media":4425,"template":"","meta":[],"product_brand":[],"product_cat":[121,122],"product_tag":[128,123,126,127,125,124],"class_list":{"0":"post-6976","1":"product","2":"type-product","3":"status-publish","4":"has-post-thumbnail","6":"product_cat-italienisch-kurse","7":"product_cat-privatunterricht","8":"product_tag-effektiver-italienischkurs","9":"product_tag-italienisch","10":"product_tag-italienische-sprache","11":"product_tag-italienischkurs-nach-mas","12":"product_tag-masgeschneiderter-kurs","13":"product_tag-online-unterricht","15":"first","16":"instock","17":"shipping-taxable","18":"purchasable","19":"product-type-variable"},"_links":{"self":[{"href":"https:\/\/magnificomondoitaliano.com\/de\/wp-json\/wp\/v2\/product\/6976","targetHints":{"allow":["GET"]}}],"collection":[{"href":"https:\/\/magnificomondoitaliano.com\/de\/wp-json\/wp\/v2\/product"}],"about":[{"href":"https:\/\/magnificomondoitaliano.com\/de\/wp-json\/wp\/v2\/types\/product"}],"wp:featuredmedia":[{"embeddable":true,"href":"https:\/\/magnificomondoitaliano.com\/de\/wp-json\/wp\/v2\/media\/4425"}],"wp:attachment":[{"href":"https:\/\/magnificomondoitaliano.com\/de\/wp-json\/wp\/v2\/media?parent=6976"}],"wp:term":[{"taxonomy":"product_brand","embeddable":true,"href":"https:\/\/magnificomondoitaliano.com\/de\/wp-json\/wp\/v2\/product_brand?post=6976"},{"taxonomy":"product_cat","embeddable":true,"href":"https:\/\/magnificomondoitaliano.com\/de\/wp-json\/wp\/v2\/product_cat?post=6976"},{"taxonomy":"product_tag","embeddable":true,"href":"https:\/\/magnificomondoitaliano.com\/de\/wp-json\/wp\/v2\/product_tag?post=6976"}],"curies":[{"name":"wp","href":"https:\/\/api.w.org\/{rel}","templated":true}]}}