{"id":5056,"date":"2025-01-29T22:42:57","date_gmt":"2025-01-29T22:42:57","guid":{"rendered":"https:\/\/magnificomondoitaliano.com\/prueba-de-colocacion\/"},"modified":"2025-10-06T13:08:39","modified_gmt":"2025-10-06T13:08:39","slug":"prueba-de-colocacion","status":"publish","type":"page","link":"https:\/\/magnificomondoitaliano.com\/es\/prueba-de-colocacion\/","title":{"rendered":"PRUEBA DE COLOCACI\u00d3N"},"content":{"rendered":"\t\t<div data-elementor-type=\"wp-page\" data-elementor-id=\"5056\" class=\"elementor elementor-5056 elementor-632\" data-elementor-post-type=\"page\">\n\t\t\t\t\t\t<header class=\"elementor-section elementor-top-section elementor-element elementor-element-66e494ec elementor-section-height-min-height elementor-section-items-bottom elementor-section-boxed elementor-section-height-default\" data-id=\"66e494ec\" data-element_type=\"section\" data-e-type=\"section\" data-settings=\"{&quot;background_background&quot;:&quot;classic&quot;}\">\n\t\t\t\t\t\t\t<div class=\"elementor-background-overlay\"><\/div>\n\t\t\t\t\t\t\t<div class=\"elementor-container elementor-column-gap-wider\">\n\t\t\t\t\t<div class=\"elementor-column elementor-col-50 elementor-top-column elementor-element elementor-element-6a30e541\" data-id=\"6a30e541\" data-element_type=\"column\" data-e-type=\"column\">\n\t\t\t<div class=\"elementor-widget-wrap elementor-element-populated\">\n\t\t\t\t\t\t<div class=\"elementor-element elementor-element-81553f6 elementor-widget__width-initial elementor-widget elementor-widget-heading\" data-id=\"81553f6\" data-element_type=\"widget\" data-e-type=\"widget\" data-widget_type=\"heading.default\">\n\t\t\t\t\t<h1 class=\"elementor-heading-title elementor-size-default\">PRUEBA DE NIVEL<\/h1>\t\t\t\t<\/div>\n\t\t\t\t<div class=\"elementor-element elementor-element-359f40d elementor-widget elementor-widget-heading\" data-id=\"359f40d\" data-element_type=\"widget\" data-e-type=\"widget\" data-widget_type=\"heading.default\">\n\t\t\t\t\t<h3 class=\"elementor-heading-title elementor-size-default\">GRATIS<\/h3>\t\t\t\t<\/div>\n\t\t\t\t\t<\/div>\n\t\t<\/div>\n\t\t\t\t<div class=\"elementor-column elementor-col-50 elementor-top-column elementor-element elementor-element-77eb334d elementor-invisible\" data-id=\"77eb334d\" data-element_type=\"column\" data-e-type=\"column\" data-settings=\"{&quot;background_background&quot;:&quot;classic&quot;,&quot;animation&quot;:&quot;fadeIn&quot;}\">\n\t\t\t<div class=\"elementor-widget-wrap\">\n\t\t\t\t\t\t\t<\/div>\n\t\t<\/div>\n\t\t\t\t\t<\/div>\n\t\t<\/header>\n\t\t<div class=\"elementor-element elementor-element-cf2daae e-flex e-con-boxed e-con e-parent\" data-id=\"cf2daae\" data-element_type=\"container\" data-e-type=\"container\">\n\t\t\t\t\t<div class=\"e-con-inner\">\n\t\t<div class=\"elementor-element elementor-element-3f3925f e-con-full e-flex e-con e-child\" data-id=\"3f3925f\" data-element_type=\"container\" data-e-type=\"container\">\n\t\t\t\t<div class=\"elementor-element elementor-element-428540f elementor-widget elementor-widget-image\" data-id=\"428540f\" data-element_type=\"widget\" data-e-type=\"widget\" data-widget_type=\"image.default\">\n\t\t\t\t\t\t\t\t\t\t\t\t\t\t\t<img fetchpriority=\"high\" decoding=\"async\" width=\"768\" height=\"768\" src=\"https:\/\/magnificomondoitaliano.com\/wp-content\/uploads\/2025\/02\/53_learn-italian-online_one-to-one_magnifico-mondo-italiano-768x768.jpg\" class=\"attachment-medium_large size-medium_large wp-image-4367\" alt=\"\" srcset=\"https:\/\/magnificomondoitaliano.com\/wp-content\/uploads\/2025\/02\/53_learn-italian-online_one-to-one_magnifico-mondo-italiano-768x768.jpg 768w, https:\/\/magnificomondoitaliano.com\/wp-content\/uploads\/2025\/02\/53_learn-italian-online_one-to-one_magnifico-mondo-italiano-300x300.jpg 300w, https:\/\/magnificomondoitaliano.com\/wp-content\/uploads\/2025\/02\/53_learn-italian-online_one-to-one_magnifico-mondo-italiano-100x100.jpg 100w, https:\/\/magnificomondoitaliano.com\/wp-content\/uploads\/2025\/02\/53_learn-italian-online_one-to-one_magnifico-mondo-italiano-600x600.jpg 600w, https:\/\/magnificomondoitaliano.com\/wp-content\/uploads\/2025\/02\/53_learn-italian-online_one-to-one_magnifico-mondo-italiano-150x150.jpg 150w, https:\/\/magnificomondoitaliano.com\/wp-content\/uploads\/2025\/02\/53_learn-italian-online_one-to-one_magnifico-mondo-italiano.jpg 1024w\" sizes=\"(max-width: 768px) 100vw, 768px\" title=\"\">\t\t\t\t\t\t\t\t\t\t\t\t\t\t\t<\/div>\n\t\t\t\t<\/div>\n\t\t<div class=\"elementor-element elementor-element-13b82fc e-con-full e-flex e-con e-child\" data-id=\"13b82fc\" data-element_type=\"container\" data-e-type=\"container\">\n\t\t<div class=\"elementor-element elementor-element-785078a e-con-full e-flex e-con e-child\" data-id=\"785078a\" data-element_type=\"container\" data-e-type=\"container\">\n\t\t\t\t<div class=\"elementor-element elementor-element-6a10385 elementor-widget elementor-widget-text-editor\" data-id=\"6a10385\" data-element_type=\"widget\" data-e-type=\"widget\" data-widget_type=\"text-editor.default\">\n\t\t\t\t\t\t\t\t\t<div class=\"col-12 mb-3 decoration-null decoration-\"><h2 data-start=\"111\" data-end=\"148\"><strong data-start=\"111\" data-end=\"148\">\u00a1Descubre tu nivel de italiano!<\/strong><\/h2><\/div><div class=\"col-12\"><p>Conocer tu <strong>nivel<\/strong> de competencia en italiano es el <strong>primer paso <\/strong>para <strong>elegir<\/strong> el<strong> curso adecuado para ti<\/strong>. En s\u00f3lo unos minutos, puedes evaluar tus conocimientos ling\u00fc\u00edsticos y <strong>recibir asesoramiento personalizado<\/strong> para tu itinerario de aprendizaje. <\/p><\/div>\t\t\t\t\t\t\t\t<\/div>\n\t\t<div class=\"elementor-element elementor-element-b363482 e-con-full e-flex e-con e-child\" data-id=\"b363482\" data-element_type=\"container\" data-e-type=\"container\">\n\t\t\t\t<div class=\"elementor-element elementor-element-8e61d71 elementor-widget elementor-widget-text-editor\" data-id=\"8e61d71\" data-element_type=\"widget\" data-e-type=\"widget\" data-widget_type=\"text-editor.default\">\n\t\t\t\t\t\t\t\t\t<p><strong>Autent\u00edcate para hacer el test gratuito.<\/strong><\/p>\t\t\t\t\t\t\t\t<\/div>\n\t\t\t\t<\/div>\n\t\t\t\t<\/div>\n\t\t<div class=\"elementor-element elementor-element-380b70a e-con-full e-flex e-con e-child\" data-id=\"380b70a\" data-element_type=\"container\" data-e-type=\"container\">\n\t\t\t\t<div class=\"elementor-element elementor-element-749cb68 elementor-widget elementor-widget-login\" data-id=\"749cb68\" data-element_type=\"widget\" data-e-type=\"widget\" data-widget_type=\"login.default\">\n\t\t\t\t\t\t\t<form class=\"elementor-login elementor-form\" method=\"post\" action=\"https:\/\/magnificomondoitaliano.com\/es\/wp-login.php\" aria-label=\"Fromulario de login\">\n\t\t\t<input type=\"hidden\" name=\"redirect_to\" value=\"\/es\/wp-json\/wp\/v2\/pages\/5056\">\n\t\t\t<div class=\"elementor-form-fields-wrapper\">\n\t\t\t\t<div class=\"elementor-field-type-text elementor-field-group elementor-column elementor-col-100 elementor-field-required\">\n\t\t\t\t\t<label for=\"user-749cb68\" class=\"elementor-field-label\">Nombre de usuario o direcci\u00f3n de correo electr\u00f3nico<\/label>\n\t\t\t\t\t<input size=\"1\" type=\"text\" name=\"log\" id=\"user-749cb68\" placeholder=\"\" class=\"elementor-field elementor-field-textual elementor-size-sm\">\n\t\t\t\t<\/div>\n\t\t\t\t<div class=\"elementor-field-type-text elementor-field-group elementor-column elementor-col-100 elementor-field-required\">\n\t\t\t\t\t<label for=\"password-749cb68\" class=\"elementor-field-label\">Contrase\u00f1a<\/label>\n\t\t\t\t\t<input size=\"1\" type=\"password\" name=\"pwd\" id=\"password-749cb68\" placeholder=\"\" class=\"elementor-field elementor-field-textual elementor-size-sm\">\n\t\t\t\t<\/div>\n\n\t\t\t\t\t\t\t\t\t<div class=\"elementor-field-type-checkbox elementor-field-group elementor-column elementor-col-100 elementor-remember-me\">\n\t\t\t\t\t\t<label for=\"elementor-login-remember-me\">\n\t\t\t\t\t\t\t<input type=\"checkbox\" id=\"elementor-login-remember-me\" name=\"rememberme\" value=\"forever\">\n\t\t\t\t\t\t\tRecordarme\t\t\t\t\t\t<\/label>\n\t\t\t\t\t<\/div>\n\t\t\t\t\n\t\t\t\t<div class=\"elementor-field-group elementor-column elementor-field-type-submit elementor-col-100\">\n\t\t\t\t\t<button type=\"submit\" class=\"elementor-size-sm elementor-button\" name=\"wp-submit\">\n\t\t\t\t\t\t\t\t\t\t\t\t\t\t\t<span class=\"elementor-button-text\">Identif\u00edcate<\/span>\n\t\t\t\t\t\t\t\t\t\t\t\t<\/button>\n\t\t\t\t<\/div>\n\n\t\t\t\t\t\t\t\t\t<div class=\"elementor-field-group elementor-column elementor-col-100\">\n\t\t\t\t\t\t\t\t\t\t\t\t\t\t\t\t\t\t\t\t<a class=\"elementor-lost-password\" href=\"https:\/\/magnificomondoitaliano.com\/es\/mi-cuenta\/lost-password\/\">\n\t\t\t\t\t\t\t\t\u00bfHa olvidado su contrase\u00f1a?\t\t\t\t\t\t\t<\/a>\n\t\t\t\t\t\t\n\t\t\t\t\t\t\t\t\t\t\t<\/div>\n\t\t\t\t\t\t\t<\/div>\n\t\t<\/form>\n\t\t\t\t\t\t<\/div>\n\t\t\t\t<\/div>\n\t\t<div class=\"elementor-element elementor-element-cb1f6f1 e-con-full e-flex e-con e-child\" data-id=\"cb1f6f1\" data-element_type=\"container\" data-e-type=\"container\">\n\t\t\t\t<div class=\"elementor-element elementor-element-4cbd16a elementor-widget elementor-widget-text-editor\" data-id=\"4cbd16a\" data-element_type=\"widget\" data-e-type=\"widget\" data-widget_type=\"text-editor.default\">\n\t\t\t\t\t\t\t\t\t<p>* Al iniciar sesi\u00f3n aceptas nuestros t\u00e9rminos y condiciones.<\/p>\t\t\t\t\t\t\t\t<\/div>\n\t\t\t\t<\/div>\n\t\t\t\t<\/div>\n\t\t\t\t\t<\/div>\n\t\t\t\t<\/div>\n\t\t\t\t<\/div>\n\t\t","protected":false},"excerpt":{"rendered":"<p>PRUEBA DE NIVEL GRATIS \u00a1Descubre tu nivel de italiano! Conocer tu nivel de competencia en italiano es el primer paso para elegir el curso adecuado para ti. En s\u00f3lo unos minutos, puedes evaluar tus conocimientos ling\u00fc\u00edsticos y recibir asesoramiento personalizado para tu itinerario de aprendizaje. Autent\u00edcate para hacer el test gratuito. * Al iniciar sesi\u00f3n [&hellip;]<\/p>\n","protected":false},"author":1,"featured_media":0,"parent":0,"menu_order":0,"comment_status":"closed","ping_status":"closed","template":"","meta":{"footnotes":""},"class_list":["post-5056","page","type-page","status-publish","hentry"],"_links":{"self":[{"href":"https:\/\/magnificomondoitaliano.com\/es\/wp-json\/wp\/v2\/pages\/5056","targetHints":{"allow":["GET"]}}],"collection":[{"href":"https:\/\/magnificomondoitaliano.com\/es\/wp-json\/wp\/v2\/pages"}],"about":[{"href":"https:\/\/magnificomondoitaliano.com\/es\/wp-json\/wp\/v2\/types\/page"}],"author":[{"embeddable":true,"href":"https:\/\/magnificomondoitaliano.com\/es\/wp-json\/wp\/v2\/users\/1"}],"replies":[{"embeddable":true,"href":"https:\/\/magnificomondoitaliano.com\/es\/wp-json\/wp\/v2\/comments?post=5056"}],"version-history":[{"count":4,"href":"https:\/\/magnificomondoitaliano.com\/es\/wp-json\/wp\/v2\/pages\/5056\/revisions"}],"predecessor-version":[{"id":11768,"href":"https:\/\/magnificomondoitaliano.com\/es\/wp-json\/wp\/v2\/pages\/5056\/revisions\/11768"}],"wp:attachment":[{"href":"https:\/\/magnificomondoitaliano.com\/es\/wp-json\/wp\/v2\/media?parent=5056"}],"curies":[{"name":"wp","href":"https:\/\/api.w.org\/{rel}","templated":true}]}}