{"id":5081,"date":"2025-02-11T11:02:40","date_gmt":"2025-02-11T11:02:40","guid":{"rendered":"https:\/\/magnificomondoitaliano.com\/condiciones-generales\/"},"modified":"2025-10-22T07:28:15","modified_gmt":"2025-10-22T07:28:15","slug":"condiciones-generales","status":"publish","type":"page","link":"https:\/\/magnificomondoitaliano.com\/es\/condiciones-generales\/","title":{"rendered":"CONDICIONES GENERALES"},"content":{"rendered":"\t\t<div data-elementor-type=\"wp-page\" data-elementor-id=\"5081\" class=\"elementor elementor-5081 elementor-870\" data-elementor-post-type=\"page\">\n\t\t\t\t<div class=\"elementor-element elementor-element-694e507a e-flex e-con-boxed e-con e-parent\" data-id=\"694e507a\" data-element_type=\"container\" data-e-type=\"container\">\n\t\t\t\t\t<div class=\"e-con-inner\">\n\t\t\t\t<div class=\"elementor-element elementor-element-46df4c9b elementor-widget elementor-widget-text-editor\" data-id=\"46df4c9b\" data-element_type=\"widget\" data-e-type=\"widget\" data-widget_type=\"text-editor.default\">\n\t\t\t\t\t\t\t\t\t<p data-sourcepos=\"10:1-10:40\">\n<\/p><p data-sourcepos=\"10:1-10:40\">Fecha de la \u00faltima revisi\u00f3n: 28 de mayo de 2025<\/p>\n<p data-sourcepos=\"12:1-12:29\"><b>1. Pr\u00f3logo y definiciones<\/b><\/p>\n<p data-sourcepos=\"14:1-14:400\">Este documento define los t\u00e9rminos y condiciones generales de venta y uso de los servicios (en adelante, los \u00abT\u00e9rminos y Condiciones\u00bb) ofrecidos por Giuseppina Deligios, con sede en Via Giomaria Angioi 9, 09077 Solarussa (OR, Italia), pec giuseppina.deligios@pec.it (en adelante, el \u00abProveedor\u00bb).<\/p>\n<p data-sourcepos=\"16:1-16:336\">El usuario que acceda y utilice los servicios ofrecidos por Magnifico Mondo Italiano (en adelante, \u00abEstudiante\u00bb) declara haber le\u00eddo, comprendido y aceptado las presentes Condiciones Generales. Cualquier cambio ser\u00e1 publicado en esta p\u00e1gina y el uso de los servicios despu\u00e9s de dichos cambios constituir\u00e1 la aceptaci\u00f3n de los mismos. <\/p>\n<p data-sourcepos=\"18:1-18:28\"><strong>2. Objeto del Contrato<\/strong><\/p>\n<p data-sourcepos=\"20:1-20:320\">Magnifico Mondo Italiano offre corsi online di \u00abopera, cinema d\u2019autore, lingua italiana e cultura italiana\u00bb tramite la propria piattaforma online (<a href=\"http:\/\/www.tuosito.com\/\" target=\"_blank\" rel=\"noopener\">http:\/\/magnificomondoitaliano.com\/<\/a>). I presenti Termini e Condizioni regolano l&#8217;acquisto e la fruizione di tali corsi.<\/p>\n<p data-sourcepos=\"22:1-22:26\"><strong>3. Matr\u00edcula en cursos<\/strong><\/p>\n<p data-sourcepos=\"24:1-26:197\">3.1. <strong>Proceso de<\/strong> inscripci\u00f3n <strong>:<\/strong> La inscripci\u00f3n en un curso se realiza a trav\u00e9s del proceso de inscripci\u00f3n en el Sitio. El Usuario debe rellenar un formulario de inscripci\u00f3n proporcionando datos personales verdaderos y completos. &nbsp;<\/p>\n<p data-sourcepos=\"24:1-26:197\">3.2. <strong>Confirmaci\u00f3n de la inscripci\u00f3n:<\/strong> La inscripci\u00f3n s\u00f3lo se completar\u00e1 y se garantizar\u00e1 una plaza en el curso cuando se reciba el importe correspondiente. Se enviar\u00e1 una confirmaci\u00f3n por correo electr\u00f3nico a la direcci\u00f3n facilitada por el Usuario en el momento de la inscripci\u00f3n. &nbsp;<\/p>\n<p data-sourcepos=\"24:1-26:197\">3.3. <strong>Requisitos de admisi\u00f3n:<\/strong> Algunos cursos pueden requerir requisitos espec\u00edficos de admisi\u00f3n o pruebas de nivel. Eres responsable de comprobar estos requisitos antes de matricularte. <\/p>\n<p data-sourcepos=\"28:1-28:35\"><strong>4. Precios y formas de pago<\/strong><\/p>\n<p data-sourcepos=\"30:1-48:200\">4.1. <strong>Precios:<\/strong> Los precios de los cursos se indican en el Sitio Web, en las p\u00e1ginas dedicadas a cada curso, y se expresan en euros, IVA incluido. Magnifico Mondo Italiano se reserva el derecho de modificar los precios en cualquier momento, entendi\u00e9ndose que el precio aplicado ser\u00e1 el vigente en el momento de la inscripci\u00f3n. &nbsp;<\/p>\n<p data-sourcepos=\"30:1-48:200\">4.2.  <strong>Forma de pago:&nbsp;<\/strong><\/p><p data-sourcepos=\"30:1-48:200\"><strong>- PayPal;<\/strong><\/p><p data-sourcepos=\"30:1-48:200\"><strong>- Tarjeta de cr\u00e9dito;<\/strong><\/p><p data-sourcepos=\"30:1-48:200\">- <strong> Transferencia bancaria:<\/strong> El pago de la cuota de inscripci\u00f3n deber\u00e1 realizarse exclusivamente mediante transferencia bancaria a los siguientes datos bancarios: <br>* <strong>Beneficiario:<\/strong> Giuseppina Deligios<br><span style=\"font-size: 1rem;\">* <\/span><strong style=\"font-size: 1rem;\">IBAN:<\/strong><span style=\"font-size: 1rem;\">&nbsp;<\/span>IT76P0347501605CC0010433157<br><span style=\"font-size: 1rem;\">* <\/span><strong style=\"font-size: 1rem;\">SWIFT\/BIC:<\/strong><span style=\"font-size: 1rem;\">&nbsp;<\/span>INGBITD1XXX<br><span style=\"font-size: 1rem;\">* <\/span><strong style=\"font-size: 1rem;\">Direcci\u00f3n del banco:<\/strong><span style=\"font-size: 1rem;\">&nbsp;<\/span>domicilio social en Mil\u00e1n Viale Fulvio Testi 250, 20126<br>*&nbsp;<strong style=\"font-size: 1rem;\">Motivo del pago (OBLIGATORIO):<\/strong><span style=\"font-size: 1rem;\"> Es imprescindible que introduzcas el siguiente motivo de pago para que podamos asociar correctamente el pago a tu matr\u00edcula: <\/span><strong style=\"font-size: 1rem;\">\u00abMatr\u00edcula Curso [Nombre del Curso] - [Apellidos del Alumno]\u00bb.<\/strong> <em style=\"font-size: 1rem;\">Ejemplo: \u00abMatr\u00edcula Curso \u00d3pera - Mario Rossi\u00bb.<\/em><span style=\"font-size: 1rem;\">&nbsp;<\/span><\/p>\n<p data-sourcepos=\"30:1-48:200\"><span style=\"font-size: 1rem;\">4.3.  <\/span><strong style=\"font-size: 1rem;\">Plazos de pago:<\/strong><span style=\"font-size: 1rem;\">  Los plazos de pago espec\u00edficos de cada curso se indican en la p\u00e1gina de descripci\u00f3n del curso y\/o en el formulario de inscripci\u00f3n. Es responsabilidad del Usuario respetar estos plazos. &nbsp;<\/span><\/p>\n<p data-sourcepos=\"30:1-48:200\"><span style=\"font-size: 1rem;\">4.4. <\/span><strong style=\"font-size: 1rem;\">Impago\/retraso:<\/strong><span style=\"font-size: 1rem;\"> En caso de impago o retraso en el pago de la cuota de inscripci\u00f3n en la fecha prevista: <\/span><span style=\"font-size: 1rem;\">Magnifico Mondo Italiano<\/span><span style=\"font-size: 1rem;\">  se reserva el derecho de anular la inscripci\u00f3n, sin previo aviso, y de asignar la plaza a otros estudiantes de la lista de espera. Si no se recibe el pago en el plazo establecido, se puede perder el derecho a participar en el curso elegido. No hay intereses de demora en los cursos individuales.  &nbsp;<\/span><\/p>\n<p data-sourcepos=\"30:1-48:200\"><span style=\"font-size: 1rem;\">4.5. <\/span><strong style=\"font-size: 1rem;\">Facturaci\u00f3n:<\/strong><span style=\"font-size: 1rem;\"> La factura por la compra del curso se emitir\u00e1 una vez recibido el pago y se enviar\u00e1 a la direcci\u00f3n de correo electr\u00f3nico o PEC facilitada por el Usuario durante la inscripci\u00f3n\/registro.<\/span><\/p>\n<p data-sourcepos=\"11:1-11:26\"><strong>5. Acceso a los cursos<\/strong><\/p>\n<p data-sourcepos=\"13:1-16:379\">5.1. <strong>M\u00e9todos de uso y acceso:<\/strong><br>Los cursos de <strong>Magnifico Mondo<\/strong> Italiano se imparten principalmente en modo s\u00edncrono, mediante <strong>videoconferencia en la plataforma Google Meet<\/strong> o herramientas equivalentes.&nbsp;<\/p>\n<p data-sourcepos=\"13:1-16:379\">5.2 <strong>Acceso a conferencias sincr\u00f3nicas:<\/strong> Tras la confirmaci\u00f3n de la inscripci\u00f3n y el pago, el Alumno recibir\u00e1 por correo electr\u00f3nico una invitaci\u00f3n y\/o un enlace para acceder a las sesiones de conferencias programadas en Google Meet. Es responsabilidad del Alumno verificar la recepci\u00f3n de dichas comunicaciones y disponer de los requisitos t\u00e9cnicos necesarios para participar en las videoconferencias. <\/p>\n<p>5.3&nbsp;<strong>Credenciales para contenido adicional:<\/strong> Cuando se proporcionen minilecciones gratuitas, materiales adicionales o un \u00e1rea restringida en el sitio, el acceso a dicho contenido se realizar\u00e1 mediante credenciales (nombre de usuario y contrase\u00f1a) generadas en el momento del registro. Los usuarios son responsables de la custodia y confidencialidad de sus credenciales para estas secciones del sitio. <\/p>\n<p data-sourcepos=\"18:1-19:273\">5.4. <strong>Contenidos y materiales did\u00e1cticos:<\/strong><br>Los materiales did\u00e1cticos (como folletos, ejercicios, grabaciones de las clases, si se facilitan, etc.) se proporcionan exclusivamente para uso personal del estudiante matriculado. Queda prohibida la reproducci\u00f3n, distribuci\u00f3n o cualquier otro uso no autorizado de estos materiales. <\/p>\n<p data-sourcepos=\"56:1-56:48\"><strong>6. Derecho de desistimiento y pol\u00edtica de reembolso<\/strong><\/p>\n<p data-sourcepos=\"58:1-63:367\">6.1. <strong>Derecho de desistimiento (para consumidores):<\/strong> Si el Usuario act\u00faa como consumidor (persona f\u00edsica que act\u00faa con fines ajenos a cualquier actividad empresarial, comercial, artesanal o profesional realizada), tiene derecho a desistir del contrato sin especificar el motivo en un plazo de 14 d\u00edas desde la fecha de registro o desde la recepci\u00f3n de la confirmaci\u00f3n del registro, a menos que el uso del servicio haya comenzado antes de la expiraci\u00f3n de dicho plazo. Para ejercer el derecho de desistimiento, el Usuario debe enviar una comunicaci\u00f3n clara a Magnifico Mondo Italiano (por ejemplo, por correo electr\u00f3nico a info@magnificomondoitaliano.com) dentro del plazo especificado. &nbsp;<\/p>\n<p data-sourcepos=\"58:1-63:367\">6.2. <strong>Pol\u00edtica de reembolso:<\/strong> <strong>En caso de desistimiento en un plazo de 14 d\u00edas (si procede):<\/strong> Se reembolsar\u00e1 el importe \u00edntegro abonado, en el plazo de 14 d\u00edas desde la recepci\u00f3n de la notificaci\u00f3n de desistimiento, utilizando el mismo medio de pago empleado por el Usuario, salvo acuerdo en contrario. * Inicio <g id=\"gid_2\">del disfrute:<\/g> Si el Usuario inicia el disfrute del curso (por ejemplo, accede a las lecciones, descarga materiales) antes de que finalice el plazo de desistimiento, el derecho de desistimiento caducar\u00e1. * <strong>Casos espec\u00edficos:<\/strong> No hay reembolsos por la no utilizaci\u00f3n del curso por parte del Estudiante por causas imputables al mismo o por desistimiento fuera de plazo.  &nbsp;<\/p>\n<p data-sourcepos=\"58:1-63:367\">6.3. <strong>Cancelaci\u00f3n del Curso por parte del Proveedor:<\/strong> En el raro caso de que Magnifico Mondo Italiano tenga que cancelar un curso por razones internas (por ejemplo, n\u00famero insuficiente de participantes, indisponibilidad del conferenciante), el Usuario tendr\u00e1 derecho al reembolso \u00edntegro de la tasa abonada o, alternativamente, a la posibilidad de inscribirse en otro curso de igual valor.<\/p>\n<p data-sourcepos=\"65:1-65:30\"><strong>7. Propiedad intelectual<\/strong><\/p>\n<p data-sourcepos=\"67:1-67:523\">Todos los contenidos del curso, el material did\u00e1ctico, el software, el dise\u00f1o del Sitio Web y cualquier otro elemento presente en la plataforma Magnifico Mondo Italiano son propiedad exclusiva de Magnifico Mondo Italiano o de sus licenciantes y est\u00e1n protegidos por las leyes de derechos de autor y de propiedad intelectual. Queda prohibida la reproducci\u00f3n, distribuci\u00f3n, modificaci\u00f3n o cualquier otro uso no autorizado de los contenidos, incluso en parte, sin el consentimiento previo por escrito de Magnifico Mondo Italiano. <\/p>\n<p data-sourcepos=\"69:1-69:33\"><strong>8. Responsabilidad del usuario<\/strong><\/p>\n<p data-sourcepos=\"71:1-74:174\">8.1. <strong>Datos<\/strong> veraces <strong>:<\/strong> El Usuario se compromete a facilitar datos veraces, completos y actualizados en el momento de la inscripci\u00f3n.&nbsp;<\/p>\n<p data-sourcepos=\"71:1-74:174\">8.2. <strong>Uso personal:<\/strong> La participaci\u00f3n en los cursos y el acceso a los materiales son estrictamente personales e intransferibles.&nbsp;<\/p>\n<p data-sourcepos=\"71:1-74:174\">8.3. Conducta <strong>:<\/strong> El Usuario se compromete a mantener una conducta respetuosa y cooperativa durante las clases, ya sean s\u00edncronas o as\u00edncronas. Queda prohibido el uso de la plataforma con fines ilegales o que vulneren los derechos de Magnifico Mondo Italiano o de terceros. &nbsp;<\/p>\n<p data-sourcepos=\"71:1-74:174\">8.4. <strong>Requisitos t\u00e9cnicos:<\/strong> El Usuario es responsable de asegurarse de que dispone del equipo y la conexi\u00f3n a Internet necesarios para el uso de los cursos online.<\/p>\n<p data-sourcepos=\"76:1-76:36\"><strong>9. Limitaci\u00f3n de responsabilidad<\/strong><\/p>\n<p data-sourcepos=\"78:1-78:368\">Magnifico Mondo Italiano se compromete a prestar los servicios con la m\u00e1xima diligencia. No obstante, Magnifico Mondo Italiano no ser\u00e1 responsable de los fallos o interrupciones que se produzcan por causas de fuerza mayor, mal funcionamiento de la red Internet, problemas t\u00e9cnicos no imputables a Magnifico Mondo Italiano, o por los da\u00f1os derivados de un mal uso de los servicios por parte del Usuario. <\/p>\n<p data-sourcepos=\"80:1-80:47\"><strong>10. Privacidad y protecci\u00f3n de datos<\/strong><\/p>\n<p data-sourcepos=\"82:1-82:370\">El tratamiento de los datos personales del Usuario se lleva a cabo de conformidad con la normativa vigente en materia de protecci\u00f3n de datos personales (Reglamento UE 2016\/679 - GDPR y Decreto Legislativo 196\/2003 y posteriores modificaciones y adiciones). Para cualquier informaci\u00f3n relativa al tratamiento de datos personales, consulta nuestra p\u00e1gina magnificomondoitaliano.com\/lecciones-individuales-a-medida\/#. <\/p>\n<p data-sourcepos=\"84:1-84:49\"><strong>11. Ley aplicable y jurisdicci\u00f3n<\/strong><\/p>\n<p data-sourcepos=\"86:1-86:301\">Estos T\u00e9rminos y Condiciones se rigen por la legislaci\u00f3n italiana. Para cualquier disputa que surja de la aplicaci\u00f3n, interpretaci\u00f3n o ejecuci\u00f3n de estos T\u00e9rminos y Condiciones, el Tribunal de Oristano, Italia, tendr\u00e1 jurisdicci\u00f3n exclusiva. <\/p>\n<p data-sourcepos=\"88:1-88:16\"><strong>12. Contactos<\/strong><\/p>\n<p data-sourcepos=\"90:1-90:150\">Para cualquier pregunta o aclaraci\u00f3n sobre estos T\u00e9rminos y Condiciones o los servicios ofrecidos, el Usuario puede ponerse en contacto con Magnifico Mondo Italiano a trav\u00e9s de:<\/p>\n<ul data-sourcepos=\"91:1-94:0\">\n<li data-sourcepos=\"91:1-91:39\"><strong>Correo electr\u00f3nico:<\/strong> info@magnificomondoitaliano.com<\/li>\n<\/ul>\t\t\t\t\t\t\t\t<\/div>\n\t\t\t\t\t<\/div>\n\t\t\t\t<\/div>\n\t\t\t\t<\/div>\n\t\t","protected":false},"excerpt":{"rendered":"<p>Fecha de la \u00faltima revisi\u00f3n: 28 de mayo de 2025 1. Pr\u00f3logo y definiciones Este documento define los t\u00e9rminos y condiciones generales de venta y uso de los servicios (en adelante, los \u00abT\u00e9rminos y Condiciones\u00bb) ofrecidos por Giuseppina Deligios, con sede en Via Giomaria Angioi 9, 09077 Solarussa (OR, Italia), pec giuseppina.deligios@pec.it (en adelante, el [&hellip;]<\/p>\n","protected":false},"author":1,"featured_media":0,"parent":0,"menu_order":0,"comment_status":"closed","ping_status":"closed","template":"","meta":{"footnotes":""},"class_list":["post-5081","page","type-page","status-publish","hentry"],"_links":{"self":[{"href":"https:\/\/magnificomondoitaliano.com\/es\/wp-json\/wp\/v2\/pages\/5081","targetHints":{"allow":["GET"]}}],"collection":[{"href":"https:\/\/magnificomondoitaliano.com\/es\/wp-json\/wp\/v2\/pages"}],"about":[{"href":"https:\/\/magnificomondoitaliano.com\/es\/wp-json\/wp\/v2\/types\/page"}],"author":[{"embeddable":true,"href":"https:\/\/magnificomondoitaliano.com\/es\/wp-json\/wp\/v2\/users\/1"}],"replies":[{"embeddable":true,"href":"https:\/\/magnificomondoitaliano.com\/es\/wp-json\/wp\/v2\/comments?post=5081"}],"version-history":[{"count":5,"href":"https:\/\/magnificomondoitaliano.com\/es\/wp-json\/wp\/v2\/pages\/5081\/revisions"}],"predecessor-version":[{"id":12420,"href":"https:\/\/magnificomondoitaliano.com\/es\/wp-json\/wp\/v2\/pages\/5081\/revisions\/12420"}],"wp:attachment":[{"href":"https:\/\/magnificomondoitaliano.com\/es\/wp-json\/wp\/v2\/media?parent=5081"}],"curies":[{"name":"wp","href":"https:\/\/api.w.org\/{rel}","templated":true}]}}