{"id":12178,"date":"2025-10-16T19:54:05","date_gmt":"2025-10-16T19:54:05","guid":{"rendered":"https:\/\/magnificomondoitaliano.com\/prodotto\/taller-avanzado-b2-vocabulario-y-genialidad-con-leonardo-da-vinci\/"},"modified":"2025-10-16T19:54:05","modified_gmt":"2025-10-16T19:54:05","slug":"taller-avanzado-b2-vocabulario-y-genialidad-con-leonardo-da-vinci","status":"publish","type":"product","link":"https:\/\/magnificomondoitaliano.com\/es\/negozio\/taller-avanzado-b2-vocabulario-y-genialidad-con-leonardo-da-vinci\/","title":{"rendered":"Taller avanzado B2+: vocabulario y genialidad con Leonardo Da Vinci"},"content":{"rendered":"<p><b>Por qu\u00e9 este taller es esencial para tu C1:<\/b> Este taller est\u00e1 dise\u00f1ado para el estudiante <i>curioso<\/i> que quiere trascender la gram\u00e1tica y comprometerse con la complejidad del pensamiento italiano. Utilizaremos los C\u00f3dices y tratados de Leonardo como trampol\u00edn para perfeccionar tu <b>vocabulario conceptual<\/b>. <\/p>\n<p><b>Lo que aprender\u00e1s:<\/b><\/p>\n<p>1. Estructuras argumentativas complejas.<\/p>\n<p>2. Vocabulario de alto nivel en tres \u00e1reas clave (Ciencia, Arte, Filosof\u00eda).<\/p>\n<p>3. La l\u00f3gica del <i>debate<\/i> italiano.<\/p>\n<p><b>Estructura:<\/b> 4 reuniones de 90 minutos. <b>Nivel requerido:<\/b> B2+.<\/p>\n","protected":false},"excerpt":{"rendered":"<p><b>El italiano como obra de arte.<\/b>  Aborda los C\u00f3dices de Leonardo para dominar el vocabulario especializado de la ciencia, el arte y la filosof\u00eda. Cuatro encuentros intensivos de debate para quienes aspiran a un B2+ de fluidez expresiva. Transforma tu forma de argumentar.  <\/p>\n","protected":false},"featured_media":12057,"template":"","meta":[],"product_brand":[],"product_cat":[83,146],"product_tag":[],"class_list":{"0":"post-12178","1":"product","2":"type-product","3":"status-publish","4":"has-post-thumbnail","6":"product_cat-sin-categoria","7":"product_cat-taller","9":"first","10":"instock","11":"shipping-taxable","12":"purchasable","13":"product-type-simple"},"_links":{"self":[{"href":"https:\/\/magnificomondoitaliano.com\/es\/wp-json\/wp\/v2\/product\/12178","targetHints":{"allow":["GET"]}}],"collection":[{"href":"https:\/\/magnificomondoitaliano.com\/es\/wp-json\/wp\/v2\/product"}],"about":[{"href":"https:\/\/magnificomondoitaliano.com\/es\/wp-json\/wp\/v2\/types\/product"}],"wp:featuredmedia":[{"embeddable":true,"href":"https:\/\/magnificomondoitaliano.com\/es\/wp-json\/wp\/v2\/media\/12057"}],"wp:attachment":[{"href":"https:\/\/magnificomondoitaliano.com\/es\/wp-json\/wp\/v2\/media?parent=12178"}],"wp:term":[{"taxonomy":"product_brand","embeddable":true,"href":"https:\/\/magnificomondoitaliano.com\/es\/wp-json\/wp\/v2\/product_brand?post=12178"},{"taxonomy":"product_cat","embeddable":true,"href":"https:\/\/magnificomondoitaliano.com\/es\/wp-json\/wp\/v2\/product_cat?post=12178"},{"taxonomy":"product_tag","embeddable":true,"href":"https:\/\/magnificomondoitaliano.com\/es\/wp-json\/wp\/v2\/product_tag?post=12178"}],"curies":[{"name":"wp","href":"https:\/\/api.w.org\/{rel}","templated":true}]}}