{"id":12460,"date":"2025-10-22T09:57:28","date_gmt":"2025-10-22T09:57:28","guid":{"rendered":"https:\/\/magnificomondoitaliano.com\/prodotto\/taller-c1-descifrar-italia-con-ferrante\/"},"modified":"2025-10-22T09:57:28","modified_gmt":"2025-10-22T09:57:28","slug":"taller-c1-descifrar-italia-con-ferrante","status":"publish","type":"product","link":"https:\/\/magnificomondoitaliano.com\/es\/negozio\/taller-c1-descifrar-italia-con-ferrante\/","title":{"rendered":"Taller C1: descifrar Italia con Ferrante."},"content":{"rendered":"<p data-pm-slice=\"1 1 []\"><strong>Por qu\u00e9 este taller es fundamental para su nivel B2+\/C1:<\/strong> este laboratorio est\u00e1 dise\u00f1ado para el estudiante maduro que quiere ir m\u00e1s all\u00e1 del debate gen\u00e9rico y analizar las <strong>estructuras sociales, las din\u00e1micas de poder y las expresiones emotivas<\/strong> de la cultura italiana contempor\u00e1nea. Utilizaremos la obra de Elena Ferrante como lente para acceder a un <strong>l\u00e9xico C2<\/strong> (period\u00edstico, ensay\u00edstico y narrativo) y para dominar la lengua del relato y de la cr\u00edtica. <\/p>\n<p><strong>Lo que aprender\u00e1s:<\/strong><\/p>\n<ol>\n<li><strong>An\u00e1lisis Narrativo Complejo:<\/strong> Estructuras sint\u00e1cticas y modos de decir utilizados en la alta literatura y en el periodismo de opini\u00f3n.<\/li>\n<li><strong>L\u00e9xico Socio-Cultural:<\/strong> Vocabulario espec\u00edfico para discutir temas como el feminismo, las desigualdades, las relaciones familiares y la identidad italiana.<\/li>\n<li><strong>Lenguaje Emotivo Profundo:<\/strong> Desarrollar la capacidad de expresar matices emotivos complejos y cr\u00edticos, esencial para el verdadero dominio de la lengua.<\/li>\n<li><strong>Discusi\u00f3n Cr\u00edtica:<\/strong> Conducir debates estructurados sobre textos y conceptos complejos, pasando de la opini\u00f3n a la verdadera argumentaci\u00f3n.<\/li>\n<\/ol>\n<p><strong>Estructura:<\/strong> 4 encuentros de 90 minutos. <strong>Nivel requerido:<\/strong> B2+ (Fuerte base de gram\u00e1tica necesaria para la complejidad de los textos).<\/p>\n","protected":false},"excerpt":{"rendered":"<p><b>El an\u00e1lisis cr\u00edtico es la verdadera lengua C1.<\/b> A trav\u00e9s de los di\u00e1logos <i>sensibles<\/i> de Elena Ferrante, adquirir\u00e1 el vocabulario del periodismo cultural necesario para debatir sobre feminismo, din\u00e1micas sociales complejas y la cultura italiana contempor\u00e1nea. No es solo un curso de lengua, es un laboratorio de pensamiento cr\u00edtico. <\/p>\n","protected":false},"featured_media":12072,"template":"","meta":[],"product_brand":[],"product_cat":[146],"product_tag":[189,188,185,186,187],"class_list":{"0":"post-12460","1":"product","2":"type-product","3":"status-publish","4":"has-post-thumbnail","6":"product_cat-taller","7":"product_tag-curso-de-italiano-personalizado","8":"product_tag-curso-personalizado-2","9":"product_tag-effective-italian-course","10":"product_tag-idioma-italiano","11":"product_tag-leccion-en-linea-2","13":"first","14":"instock","15":"shipping-taxable","16":"purchasable","17":"product-type-simple"},"_links":{"self":[{"href":"https:\/\/magnificomondoitaliano.com\/es\/wp-json\/wp\/v2\/product\/12460","targetHints":{"allow":["GET"]}}],"collection":[{"href":"https:\/\/magnificomondoitaliano.com\/es\/wp-json\/wp\/v2\/product"}],"about":[{"href":"https:\/\/magnificomondoitaliano.com\/es\/wp-json\/wp\/v2\/types\/product"}],"wp:featuredmedia":[{"embeddable":true,"href":"https:\/\/magnificomondoitaliano.com\/es\/wp-json\/wp\/v2\/media\/12072"}],"wp:attachment":[{"href":"https:\/\/magnificomondoitaliano.com\/es\/wp-json\/wp\/v2\/media?parent=12460"}],"wp:term":[{"taxonomy":"product_brand","embeddable":true,"href":"https:\/\/magnificomondoitaliano.com\/es\/wp-json\/wp\/v2\/product_brand?post=12460"},{"taxonomy":"product_cat","embeddable":true,"href":"https:\/\/magnificomondoitaliano.com\/es\/wp-json\/wp\/v2\/product_cat?post=12460"},{"taxonomy":"product_tag","embeddable":true,"href":"https:\/\/magnificomondoitaliano.com\/es\/wp-json\/wp\/v2\/product_tag?post=12460"}],"curies":[{"name":"wp","href":"https:\/\/api.w.org\/{rel}","templated":true}]}}