{"id":12465,"date":"2025-10-22T10:21:50","date_gmt":"2025-10-22T10:21:50","guid":{"rendered":"https:\/\/magnificomondoitaliano.com\/prodotto\/taller-b2-la-melodia-perfecta-del-italiano-fonetica-y-pronunciacion\/"},"modified":"2025-10-22T10:44:20","modified_gmt":"2025-10-22T10:44:20","slug":"taller-b2-la-melodia-perfecta-del-italiano-fonetica-y-pronunciacion","status":"publish","type":"product","link":"https:\/\/magnificomondoitaliano.com\/es\/negozio\/taller-b2-la-melodia-perfecta-del-italiano-fonetica-y-pronunciacion\/","title":{"rendered":"Taller B2: la melod\u00eda perfecta del italiano. Fon\u00e9tica y pronunciaci\u00f3n."},"content":{"rendered":"<p data-pm-slice=\"1 1 []\"><strong>Por qu\u00e9 este taller es fundamental para su B2 o C1:<\/strong><\/p>\n<p>Si su gram\u00e1tica es s\u00f3lida pero su pronunciaci\u00f3n le hace sentirse bloqueado o inseguro, este es el laboratorio que necesita. No nos limitaremos a corregir los sonidos, sino que trabajaremos en el <strong>ritmo, la entonaci\u00f3n y el <\/strong><em><strong>timbre<\/strong><\/em> de su voz para garantizarle una comunicaci\u00f3n clara y sin esfuerzo. <\/p>\n<p>El objetivo es eliminar la vacilaci\u00f3n, acelerar la comprensi\u00f3n oral y hacer que su italiano suene <strong>fluido, natural y autoritativo<\/strong> en cualquier contexto. Abordaremos los errores m\u00e1s comunes que persisten incluso en los niveles avanzados. <\/p>\n<p><strong>Lo que aprender\u00e1s:<\/strong><\/p>\n<ol>\n<li><strong>T\u00e9cnicas de Dicci\u00f3n Avanzada:<\/strong> Distinci\u00f3n entre vocales abiertas y cerradas (<code>e<\/code>, <code>o<\/code>) y la correcta articulaci\u00f3n de las consonantes dobles, cruciales para la claridad.<\/li>\n<li><strong>Ritmo y Entonaci\u00f3n:<\/strong> C\u00f3mo dar la cadencia y melod\u00eda adecuadas a las frases para eliminar el acento extranjero y sonar m\u00e1s natural.<\/li>\n<li><strong>Velocidad y Fluidez:<\/strong> Ejercicios dirigidos para enlazar las palabras sin vacilaciones y seguir el ritmo de la conversaci\u00f3n nativa.<\/li>\n<li><strong>Seguridad Oral:<\/strong> Transformar la inseguridad en el uso de vocabulario en una comunicaci\u00f3n segura e impactante, mejorando su <em>rendimiento<\/em> ling\u00fc\u00edstico.<\/li>\n<\/ol>\n<p><strong>Estructura:<\/strong> 4 sesiones de 60 minutos. <strong>Nivel requerido:<\/strong> B2 (Ideal para quienes est\u00e1n en fase de consolidaci\u00f3n o desean alcanzar la excelencia fon\u00e9tica).<\/p>\n","protected":false},"excerpt":{"rendered":"<p data-pm-slice=\"1 1 []\"><strong>El taller esencial para eliminar la inseguridad y el acento extranjero.<\/strong> Trabaje en ritmo, entonaci\u00f3n y dicci\u00f3n avanzada para hacer que su italiano suene <strong>natural y autoritativo<\/strong>.<\/p>\n<p><strong>Ideal para:<\/strong> Estudiantes B2 y C1 que quieren perfeccionar el sonido de su voz.<\/p>\n<p><strong>Resultado:<\/strong> M\u00e1xima claridad, fluidez y seguridad oral.<\/p>\n<p><strong>Duraci\u00f3n:<\/strong> 4 encuentros de 60 minutos cada uno.<\/p>\n","protected":false},"featured_media":12056,"template":"","meta":[],"product_brand":[],"product_cat":[146],"product_tag":[109,110,189,188,107,185,106,108],"class_list":{"0":"post-12465","1":"product","2":"type-product","3":"status-publish","4":"has-post-thumbnail","6":"product_cat-taller","7":"product_tag-curso-de-italiano-a-medida","8":"product_tag-curso-de-italiano-eficaz","9":"product_tag-curso-de-italiano-personalizado","10":"product_tag-curso-personalizado-2","11":"product_tag-curso-personalizado","12":"product_tag-effective-italian-course","13":"product_tag-leccion-en-linea","14":"product_tag-lengua-italiana","16":"first","17":"instock","18":"shipping-taxable","19":"purchasable","20":"product-type-simple"},"_links":{"self":[{"href":"https:\/\/magnificomondoitaliano.com\/es\/wp-json\/wp\/v2\/product\/12465","targetHints":{"allow":["GET"]}}],"collection":[{"href":"https:\/\/magnificomondoitaliano.com\/es\/wp-json\/wp\/v2\/product"}],"about":[{"href":"https:\/\/magnificomondoitaliano.com\/es\/wp-json\/wp\/v2\/types\/product"}],"wp:featuredmedia":[{"embeddable":true,"href":"https:\/\/magnificomondoitaliano.com\/es\/wp-json\/wp\/v2\/media\/12056"}],"wp:attachment":[{"href":"https:\/\/magnificomondoitaliano.com\/es\/wp-json\/wp\/v2\/media?parent=12465"}],"wp:term":[{"taxonomy":"product_brand","embeddable":true,"href":"https:\/\/magnificomondoitaliano.com\/es\/wp-json\/wp\/v2\/product_brand?post=12465"},{"taxonomy":"product_cat","embeddable":true,"href":"https:\/\/magnificomondoitaliano.com\/es\/wp-json\/wp\/v2\/product_cat?post=12465"},{"taxonomy":"product_tag","embeddable":true,"href":"https:\/\/magnificomondoitaliano.com\/es\/wp-json\/wp\/v2\/product_tag?post=12465"}],"curies":[{"name":"wp","href":"https:\/\/api.w.org\/{rel}","templated":true}]}}