{"id":6427,"date":"2025-07-06T09:07:18","date_gmt":"2025-07-06T09:07:18","guid":{"rendered":"https:\/\/magnificomondoitaliano.com\/prodotto\/clases-individuales-personalizadas-2\/"},"modified":"2025-09-11T10:49:12","modified_gmt":"2025-09-11T10:49:12","slug":"clases-individuales-personalizadas-2","status":"publish","type":"product","link":"https:\/\/magnificomondoitaliano.com\/es\/negozio\/clases-individuales-personalizadas-2\/","title":{"rendered":"CLASES INDIVIDUALES PERSONALIZADAS"},"content":{"rendered":"<p><b>Clases particulares de italiano online: un viaje cultural a tu medida<\/b><\/p>\n<p>Aprender italiano es una experiencia que va m\u00e1s all\u00e1 de la gram\u00e1tica: es una inmersi\u00f3n profunda en la cultura, el arte y el alma del Bel Paese. Con <i>Magnifico Mondo<\/i> Italiano, te ofrecemos un itinerario de aprendizaje \u00fanico, totalmente personalizado y dise\u00f1ado para reflejar tus pasiones y objetivos. Si quieres una experiencia de aprendizaje aut\u00e9ntica y profunda que combine el estudio de la lengua con una rica exploraci\u00f3n cultural, has venido al lugar adecuado.  <\/p>\n<p><b>Tu curso de formaci\u00f3n personalizado:<\/b><\/p>\n<p>Olv\u00eddate de los cursos estandarizados. Juntos crearemos el programa perfecto en funci\u00f3n de tus necesidades, tu nivel inicial (MCER A1 a C2) y tus intereses espec\u00edficos. Nuestro m\u00e9todo comunicativo te permitir\u00e1 hablar desde el principio, explorando la lengua a trav\u00e9s de contenidos estimulantes y aut\u00e9nticos.  <\/p>\n<p><b>Elige tu enfoque de inmersi\u00f3n cultural:<\/b><\/p>\n<p>Adem\u00e1s del italiano general, nuestros cursos se caracterizan por la exploraci\u00f3n de itinerarios culturales \u00fanicos. Puedes elegir explorar: <\/p>\n<ul>\n<li><b>El italiano con el arte:<\/b> Desde el nacimiento del Renacimiento (Florencia, Leonardo, Miguel \u00c1ngel) hasta el arte italiano contempor\u00e1neo (Land Art, AI y NFT), analizaremos obras, movimientos y artistas que han conformado el patrimonio cultural de Italia. Aprende a describir una obra maestra, discute las t\u00e9cnicas pict\u00f3ricas y comprende el contexto hist\u00f3rico-art\u00edstico. <\/li>\n<li><b>L&#8217;Italiano con il Cinema:<\/b> Viaja por la historia del cine italiano, desde los cl\u00e1sicos hasta los directores contempor\u00e1neos. Analiza los guiones, los di\u00e1logos y los temas que reflejan la sociedad y la cultura italianas. <\/li>\n<li><b>Italiano con \u00d3pera L\u00edrica:<\/b> Sum\u00e9rgete en las arias y libretos de los grandes maestros, descubriendo la musicalidad de la lengua y el dramatismo que han hecho mundialmente famosa a la \u00f3pera italiana.<\/li>\n<li><b>Italiano con teatro:<\/b> Explora la riqueza del teatro italiano, desde la Commedia dell&#8217;Arte hasta obras m\u00e1s modernas, utilizando el escenario como herramienta para mejorar tu expresi\u00f3n oral y tu comprensi\u00f3n cultural.<\/li>\n<\/ul>\n<p><b>Lo que te ofrecemos:<\/b><\/p>\n<ul>\n<li><b>Clases individuales altamente personalizadas:<\/b> cada sesi\u00f3n se dise\u00f1a exclusivamente para ti.<\/li>\n<li><b>Horarios flexibles:<\/b> nos adaptamos a tu disponibilidad para que las sesiones encajen perfectamente en tu rutina.<\/li>\n<li><b>M\u00e9todo comunicativo din\u00e1mico:<\/b> hablar\u00e1s, debatir\u00e1s e interactuar\u00e1s desde la primera clase.<\/li>\n<li><b>Contenido aut\u00e9ntico y profundo:<\/b> utilizamos materiales seleccionados de fuentes prestigiosas como Treccani, Artribune, v\u00eddeos y podcasts para un aprendizaje estimulante y relevante.<\/li>\n<li><b>Profesores cualificados y especializados:<\/b> Nuestra experiencia se basa en un profundo conocimiento de las disciplinas art\u00edsticas y culturales italianas, y todos los profesores est\u00e1n certificados por el CEDILS, lo que garantiza una experiencia docente del m\u00e1s alto nivel.<\/li>\n<\/ul>\n<p>Descubre la belleza de la lengua italiana a trav\u00e9s de su incomparable cultura. Las <i>clases individuales personalizadas<\/i> de <i>Magnifico Mondo<\/i> Italiano son tu aut\u00e9ntico puente hacia el alma cultural de Italia. <\/p>\n","protected":false},"excerpt":{"rendered":"<p>\ud83d\udccd <b>Tu curso de italiano online, individual y a medida.<\/b> Sum\u00e9rgete en la cultura, el arte, el cine y la \u00f3pera italianos con un m\u00e9todo comunicativo y profesores certificados por CEDILS. Horarios flexibles, contenidos personalizados para una experiencia de aprendizaje aut\u00e9ntica. <\/p>\n<p>\ud83d\udc49 <b>\u00a1Reserva tu clase gratuita o elige el paquete perfecto para iniciar tu viaje al Magn\u00edfico Mundo Italiano!<\/b><\/p>\n","protected":false},"featured_media":4427,"template":"","meta":[],"product_brand":[],"product_cat":[104,103],"product_tag":[109,110,107,105,106,108],"class_list":{"0":"post-6427","1":"product","2":"type-product","3":"status-publish","4":"has-post-thumbnail","6":"product_cat-clases-particulares","7":"product_cat-cursos-de-italiano","8":"product_tag-curso-de-italiano-a-medida","9":"product_tag-curso-de-italiano-eficaz","10":"product_tag-curso-personalizado","11":"product_tag-italiano-es","12":"product_tag-leccion-en-linea","13":"product_tag-lengua-italiana","15":"first","16":"instock","17":"shipping-taxable","18":"purchasable","19":"product-type-variable"},"_links":{"self":[{"href":"https:\/\/magnificomondoitaliano.com\/es\/wp-json\/wp\/v2\/product\/6427","targetHints":{"allow":["GET"]}}],"collection":[{"href":"https:\/\/magnificomondoitaliano.com\/es\/wp-json\/wp\/v2\/product"}],"about":[{"href":"https:\/\/magnificomondoitaliano.com\/es\/wp-json\/wp\/v2\/types\/product"}],"wp:featuredmedia":[{"embeddable":true,"href":"https:\/\/magnificomondoitaliano.com\/es\/wp-json\/wp\/v2\/media\/4427"}],"wp:attachment":[{"href":"https:\/\/magnificomondoitaliano.com\/es\/wp-json\/wp\/v2\/media?parent=6427"}],"wp:term":[{"taxonomy":"product_brand","embeddable":true,"href":"https:\/\/magnificomondoitaliano.com\/es\/wp-json\/wp\/v2\/product_brand?post=6427"},{"taxonomy":"product_cat","embeddable":true,"href":"https:\/\/magnificomondoitaliano.com\/es\/wp-json\/wp\/v2\/product_cat?post=6427"},{"taxonomy":"product_tag","embeddable":true,"href":"https:\/\/magnificomondoitaliano.com\/es\/wp-json\/wp\/v2\/product_tag?post=6427"}],"curies":[{"name":"wp","href":"https:\/\/api.w.org\/{rel}","templated":true}]}}