{"id":6933,"date":"2025-07-18T22:13:12","date_gmt":"2025-07-18T22:13:12","guid":{"rendered":"https:\/\/magnificomondoitaliano.com\/prodotto\/impulsa-tu-italiano-suscripcion-mensual\/"},"modified":"2025-07-18T22:13:12","modified_gmt":"2025-07-18T22:13:12","slug":"impulsa-tu-italiano-suscripcion-mensual","status":"publish","type":"product","link":"https:\/\/magnificomondoitaliano.com\/es\/negozio\/impulsa-tu-italiano-suscripcion-mensual\/","title":{"rendered":"IMPULSA TU ITALIANO - suscripci\u00f3n mensual"},"content":{"rendered":"<h3><b>Impulsa tu italiano: Tu camino exclusivo hacia la fluidez<\/b><\/h3>\n<h3>\u00bfCansado de plataformas an\u00f3nimas?<\/h3>\n<p><span class=\"citation-201 citation-end-201\">Con \u00abImpulsa tu italiano\u00bb de Magnifico Mondo Italiano, \u00a1tu puerta al italiano de verdad! <\/span> Olv\u00eddate de aplicaciones impersonales y lecciones estandarizadas. <span class=\"citation-200 citation-end-200\">Nuestro curso est\u00e1 dise\u00f1ado para ofrecerte un aprendizaje profundo, personalizado y aut\u00e9ntico, pensado s\u00f3lo para ti<\/span>.<\/p>\n<p><span class=\"citation-199 citation-end-199\">Es mucho m\u00e1s que un curso: es tu camino exclusivo hacia la fluidez, guiado por un profesor experimentado que conoce tus necesidades y objetivos.<\/span><\/p>\n<h5>Qu\u00e9 incluye tu paquete exclusivo<\/h5>\n<p>S\u00f3lo  <b>\u00a1149\u20ac al mes!<\/b><\/p>\n<ol>\n<li><strong><span class=\"citation-198\">Cuatro lecciones individuales de 50 minutos <\/span>(\u00a1El coraz\u00f3n de tu aprendizaje!)<\/strong><br \/>\nImag\u00ednate: \u00a1cuatro horas al mes dedicadas s\u00f3lo a ti! <span class=\"citation-196 citation-end-196\">Cada lecci\u00f3n se adapta a tus necesidades, intereses y estilo de aprendizaje<\/span>. \u00bfQuieres preparar un viaje? \u00bfQuieres hablar de cocina italiana? \u00bfSobre arte? <span class=\"citation-195 citation-end-195\">Nos centraremos en lo que realmente te importa<\/span>. <span class=\"citation-194 citation-end-194\">Sin algoritmos, s\u00f3lo un profesor nativo que te conoce, sigue tus progresos y se adapta a tu ritmo<\/span>.   <\/li>\n<li><strong>Cuatro sesiones de pr\u00e1ctica guiada de 30 minutos (\u00a1Para que nunca pierdas el ritmo!)<br \/>\n<\/strong>Estas sesiones adicionales son perfectas para mantener el ritmo y consolidar lo que has aprendido. Nos centraremos en:<br \/>\n- Conversaci\u00f3n libre: para hacer despegar tu fluidez.<br \/>\n- Pronunciaci\u00f3n y entonaci\u00f3n: para sonar cada vez m\u00e1s como un verdadero italiano.<br \/>\n- Juegos de rol y simulaciones: para enfrentarte a situaciones de la vida real.<br \/>\n- Preguntas y respuestas r\u00e1pidas: para aclarar cualquier duda en tiempo real. <\/p>\n<div class=\"source-inline-chip-container ng-star-inserted\">- <span class=\"citation-187 citation-end-187\"> Apoyo constante que te mantiene conectado a la lengua, incluso entre las lecciones principales<\/span>.<\/div>\n<\/li>\n<li>\n<div class=\"source-inline-chip-container ng-star-inserted\"><span class=\"citation-186 citation-end-186\">Ejercicios interactivos<\/span><b>, lecturas y<\/b><span class=\"citation-184 citation-end-184\"> estudios en profundidad<\/span><b><br \/>\n<\/b>- Ejercicios interactivos: para practicar gram\u00e1tica y vocabulario.<br \/>\n -<span class=\"citation-185 citation-end-185\"> Lecturas graduadas y textos aut\u00e9nticos: para sumergirte en la cultura italiana<\/span>.<br \/>\n- Estudios culturales en profundidad: v\u00eddeos, podcasts o art\u00edculos para descubrir Italia m\u00e1s all\u00e1 de la gram\u00e1tica.<br \/>\n<span class=\"citation-183 citation-end-183\">Estos recursos son tu \u00abentrenamiento\u00bb diario, dise\u00f1ado para consolidar y enriquecer tu aprendizaje de forma independiente<\/span>.<\/div>\n<\/li>\n<li>\n<div class=\"source-inline-chip-container ng-star-inserted\"><strong>Correcci\u00f3n en profundidad de tareas y producciones (\u00a1retroalimentaci\u00f3n a medida!)<br \/>\n<\/strong>\u00bfEscribes un texto, grabas un mensaje de voz? <span class=\"citation-181 citation-end-181\">\u00a1Env\u00edanoslo! <\/span><span class=\"citation-180 citation-end-180\">Recibir\u00e1s un feedback detallado y personalizado con correcciones y sugerencias para una mejora real<\/span>. <span class=\"citation-179 citation-end-179\">Es como tener tu propio corrector personal, \u00a1pero para el italiano!<br \/>\n<\/span><\/div>\n<\/li>\n<\/ol>\n<h3 class=\"source-inline-chip-container ng-star-inserted\">\u00bfListo para empezar tu Viaje a Italia?<\/h3>\n<div class=\"source-inline-chip-container ng-star-inserted\"><\/div>\n<p>&nbsp;<\/p>\n","protected":false},"excerpt":{"rendered":"<p>Tu camino completo y personalizado hacia la fluidez en italiano, con 4 clases individuales, 4 sesiones de pr\u00e1ctica guiadas y comentarios a medida.<\/p>\n","protected":false},"featured_media":6823,"template":"","meta":[],"product_brand":[],"product_cat":[83],"product_tag":[],"class_list":{"0":"post-6933","1":"product","2":"type-product","3":"status-publish","4":"has-post-thumbnail","6":"product_cat-sin-categoria","8":"first","9":"instock","10":"virtual","11":"purchasable","12":"product-type-simple"},"_links":{"self":[{"href":"https:\/\/magnificomondoitaliano.com\/es\/wp-json\/wp\/v2\/product\/6933","targetHints":{"allow":["GET"]}}],"collection":[{"href":"https:\/\/magnificomondoitaliano.com\/es\/wp-json\/wp\/v2\/product"}],"about":[{"href":"https:\/\/magnificomondoitaliano.com\/es\/wp-json\/wp\/v2\/types\/product"}],"wp:featuredmedia":[{"embeddable":true,"href":"https:\/\/magnificomondoitaliano.com\/es\/wp-json\/wp\/v2\/media\/6823"}],"wp:attachment":[{"href":"https:\/\/magnificomondoitaliano.com\/es\/wp-json\/wp\/v2\/media?parent=6933"}],"wp:term":[{"taxonomy":"product_brand","embeddable":true,"href":"https:\/\/magnificomondoitaliano.com\/es\/wp-json\/wp\/v2\/product_brand?post=6933"},{"taxonomy":"product_cat","embeddable":true,"href":"https:\/\/magnificomondoitaliano.com\/es\/wp-json\/wp\/v2\/product_cat?post=6933"},{"taxonomy":"product_tag","embeddable":true,"href":"https:\/\/magnificomondoitaliano.com\/es\/wp-json\/wp\/v2\/product_tag?post=6933"}],"curies":[{"name":"wp","href":"https:\/\/api.w.org\/{rel}","templated":true}]}}