{"id":5515,"date":"2025-06-27T02:42:25","date_gmt":"2025-06-27T02:42:25","guid":{"rendered":"https:\/\/magnificomondoitaliano.com\/faq\/"},"modified":"2025-06-28T07:50:38","modified_gmt":"2025-06-28T07:50:38","slug":"faq","status":"publish","type":"page","link":"https:\/\/magnificomondoitaliano.com\/fr\/faq\/","title":{"rendered":"FAQ"},"content":{"rendered":"\t\t<div data-elementor-type=\"wp-page\" data-elementor-id=\"5515\" class=\"elementor elementor-5515 elementor-5424\" data-elementor-post-type=\"page\">\n\t\t\t\t<div class=\"elementor-element elementor-element-feb3e5e e-flex e-con-boxed e-con e-parent\" data-id=\"feb3e5e\" data-element_type=\"container\" data-e-type=\"container\">\n\t\t\t\t\t<div class=\"e-con-inner\">\n\t\t\t\t<div class=\"elementor-element elementor-element-4db6c9a elementor-widget elementor-widget-text-editor\" data-id=\"4db6c9a\" data-element_type=\"widget\" data-e-type=\"widget\" data-widget_type=\"text-editor.default\">\n\t\t\t\t\t\t\t\t\t<h3><strong>Foire aux questions (FAQ) sur Magnifico Mondo Italiano<\/strong><\/h3><p>Bienvenue dans notre FAQ ! Vous trouverez ici les r\u00e9ponses aux questions les plus fr\u00e9quentes concernant notre approche unique de l&rsquo;enseignement de l&rsquo;italien, ax\u00e9e sur la culture italienne, l&rsquo;art, le cin\u00e9ma, l&rsquo;op\u00e9ra et le th\u00e9\u00e2tre. <\/p><hr><h2><b>1. Cours et m\u00e9thodologie<\/b><\/h2><p><b>Q : Qu&rsquo;est-ce qui diff\u00e9rencie Magnifico Mondo Italiano des autres cours d&rsquo;italien en ligne ?<\/b> A : Nous nous distinguons par notre <b>approche p\u00e9dagogique profond\u00e9ment ancr\u00e9e dans la culture italienne<\/b>. Contrairement aux offres standard, nous nous concentrons sur des sujets sp\u00e9cifiques tels que l&rsquo;art italien, le cin\u00e9ma, l&rsquo;op\u00e9ra et le th\u00e9\u00e2tre, offrant une exp\u00e9rience d&rsquo;apprentissage authentique et profonde qui va au-del\u00e0 de la simple grammaire, vous immergeant dans le riche h\u00e9ritage culturel de l&rsquo;Italie. Tous nos enseignants sont dipl\u00f4m\u00e9s dans les disciplines culturelles et certifi\u00e9s CEDILS.  <\/p><p><b>Q : Quelle est la m\u00e9thode d&rsquo;enseignement utilis\u00e9e ?<\/b> R : Nous adoptons la <b>m\u00e9thode communicative<\/b>. Nous nous concentrons sur le d\u00e9veloppement de vos comp\u00e9tences r\u00e9elles de communication (parler, \u00e9couter, lire, \u00e9crire) \u00e0 travers l&rsquo;utilisation de la langue dans des contextes significatifs et authentiques. Nos le\u00e7ons sont dynamiques, pleines d&rsquo;activit\u00e9s pratiques, de simulations et de discussions, pour vous aider \u00e0 gagner en aisance et en confiance dans l&rsquo;utilisation de l&rsquo;italien dans le monde r\u00e9el et dans les contextes culturels que vous aimez.  <\/p><p><b>Q : Les cours sont-ils individuels ou en groupe ?<\/b> R : Nous proposons des cours <b>synchrones<\/b>, soit <b>individuels (1-to-1)<\/b> pour une exp\u00e9rience totalement personnalis\u00e9e, soit en <b>petits groupes (maximum 5 personnes)<\/b> pour encourager l&rsquo;interaction et la pratique avec d&rsquo;autres \u00e9tudiants.<\/p><p><b>Q : Quel est le niveau minimum d&rsquo;italien requis pour participer aux cours culturels ?<\/b> R : Nous proposons des cours pour <b>tous les niveaux<\/b>, du d\u00e9butant absolu (A1) au niveau avanc\u00e9 (C2). Nos cours culturels sont adapt\u00e9s \u00e0 votre niveau linguistique, afin de vous garantir un apprentissage efficace et motivant d\u00e8s le premier jour. <\/p><p><b>Q : Comment les cours sont-ils personnalis\u00e9s ?<\/b> R : Apr\u00e8s une \u00e9valuation initiale de vos objectifs linguistiques et de vos int\u00e9r\u00eats culturels (art, cin\u00e9ma, op\u00e9ra, th\u00e9\u00e2tre), le professeur d\u00e9finira un <b>programme d&rsquo;enseignement sur mesure pour vous<\/b>. Le mat\u00e9riel (texte, audio, vid\u00e9o, exercices) est \u00e9dit\u00e9 et cr\u00e9\u00e9 ad hoc pour un apprentissage contextualis\u00e9 et authentique. <\/p><hr><h3><b>2. Enseignants et qualifications<\/b><\/h3><p><b>Q : Qui sont les enseignants de Magnifico Mondo Italiano ?<\/b>  R : Notre \u00e9quipe est compos\u00e9e d&rsquo;enseignants hautement qualifi\u00e9s. Le fondateur est titulaire d&rsquo;un dipl\u00f4me de sp\u00e9cialiste en arts et disciplines culturelles italiennes et poss\u00e8de une vaste exp\u00e9rience de l&rsquo;enseignement en ligne sur des plates-formes internationales. Tous nos enseignants sont titulaires d&rsquo;une <b>certification CEDILS<\/b> pour l&rsquo;enseignement de l&rsquo;italien L2 et LS, ce qui garantit un haut niveau de comp\u00e9tence m\u00e9thodologique et didactique.  <\/p><p><b>Q : L&rsquo;exp\u00e9rience des enseignants est-elle garantie ?<\/b>  R : Absolument. Nous enseignons l&rsquo;italien aux \u00e9trangers depuis 2020, avec une exp\u00e9rience \u00e9prouv\u00e9e acquise gr\u00e2ce \u00e0 la collaboration avec des plateformes internationales telles que Babbel et Lingoda. Votre apprentissage est entre les mains de professionnels exp\u00e9riment\u00e9s.  <\/p><hr><h3><b>3. Aspects techniques et logistiques<\/b><\/h3><p><b>Q : De quoi ai-je besoin pour suivre des cours en ligne ?<\/b>  R : Vous aurez besoin d&rsquo;une connexion internet stable, d&rsquo;un ordinateur (ou d&rsquo;une tablette\/smartphone), d&rsquo;une webcam et d&rsquo;un microphone. Les cours synchrones sont dispens\u00e9s via <b>Zoom<\/b>, une plateforme fiable et facile \u00e0 utiliser. <\/p><p><b>Q : Comment puis-je recevoir le mat\u00e9riel p\u00e9dagogique ?<\/b> R : Tous les supports d&rsquo;apprentissage personnalis\u00e9s sont partag\u00e9s et g\u00e9r\u00e9s via <b>Google Drive<\/b>, ce qui permet un acc\u00e8s organis\u00e9 et une grande flexibilit\u00e9. Ils sont inclus dans le prix du cours. <\/p><p><b>Q : Puis-je prendre une le\u00e7on d&rsquo;essai ?<\/b> R : Oui, nous vous invitons \u00e0 demander une <b>le\u00e7on d&rsquo;essai gratuite\/un premier entretien<\/b> directement sur notre site Internet. Ce sera l&rsquo;occasion de faire connaissance, d&rsquo;\u00e9valuer votre niveau et de d\u00e9finir ensemble vos objectifs. <\/p><p><b>Q : Comment puis-je m&rsquo;inscrire et payer ?<\/b>  R : Le processus est simple et se d\u00e9roule directement sur notre site web (magnificomondoitaliano.com). Vous pouvez choisir et acheter des forfaits de cours via un syst\u00e8me de paiement int\u00e9gr\u00e9 et s\u00e9curis\u00e9 (tel que Stripe ou PayPal) pour les transactions internationales. Les le\u00e7ons sont r\u00e9serv\u00e9es via un syst\u00e8me de planification en ligne.  <\/p><p><b>Q : Offrez-vous une assistance si j&rsquo;ai besoin d&rsquo;aide ou si j&rsquo;ai des questions ?<\/b> R : Oui, nous assurons une <b>assistance 24 heures sur 24 et 7 jours sur 7<\/b>. La communication se fait principalement par courrier \u00e9lectronique, compl\u00e9t\u00e9 par WhatsApp ou Telegram pour l&rsquo;assistance rapide et les questions pos\u00e9es en dehors des heures de bureau. <\/p><hr><h3><b>4. Prix et forfaits<\/b><\/h3><p><b>Q : Combien co\u00fbte une le\u00e7on ?<\/b>  R : Le co\u00fbt varie en fonction du forfait que vous choisissez. Par exemple, si vous achetez un forfait de 10 le\u00e7ons de 45 minutes, le prix moyen est d&rsquo;environ <b>30 \u20ac par le\u00e7on<\/b>. Vous trouverez tous les d\u00e9tails sur les forfaits et les prix sur notre page d\u00e9di\u00e9e.  <\/p><p><b>Q : Existe-t-il des remises de renouvellement ou des formules sp\u00e9ciales ?<\/b> R : Oui, pour nos \u00e9tudiants fid\u00e8les, nous offrons des <b>remises de renouvellement<\/b> et un acc\u00e8s gratuit \u00e0 des <b>ateliers th\u00e9matiques exclusifs<\/b> afin d&rsquo;enrichir encore votre exp\u00e9rience d&rsquo;apprentissage.<\/p><hr><h3><b>5. Nos clients id\u00e9aux<\/b><\/h3><p><b>Q : \u00c0 qui s&rsquo;adressent vos cours ?<\/b> R : Nos cours s&rsquo;adressent \u00e0 toute personne ayant un <b>int\u00e9r\u00eat culturel marqu\u00e9 et une curiosit\u00e9 intellectuelle<\/b> pour l&rsquo;Italie. Si vous \u00eates un esth\u00e8te passionn\u00e9 d&rsquo;art et d&rsquo;op\u00e9ra, un professionnel cosmopolite qui aime le design et le cin\u00e9ma d&rsquo;art et d&rsquo;essai, ou un intellectuel int\u00e9ress\u00e9 par le n\u00e9o-r\u00e9alisme et le th\u00e9\u00e2tre contemporain, vous \u00eates au bon endroit. Vous \u00eates \u00e0 la recherche d&rsquo;une exp\u00e9rience d&rsquo;apprentissage authentique et profonde qui vous connecte \u00e0 l&rsquo;\u00e2me culturelle de l&rsquo;Italie.  <\/p>\t\t\t\t\t\t\t\t<\/div>\n\t\t\t\t\t<\/div>\n\t\t\t\t<\/div>\n\t\t\t\t<section class=\"elementor-section elementor-top-section elementor-element elementor-element-505e4925 elementor-section-boxed elementor-section-height-default elementor-section-height-default\" data-id=\"505e4925\" data-element_type=\"section\" data-e-type=\"section\" data-settings=\"{&quot;background_background&quot;:&quot;classic&quot;}\">\n\t\t\t\t\t\t\t<div class=\"elementor-background-overlay\"><\/div>\n\t\t\t\t\t\t\t<div class=\"elementor-container elementor-column-gap-default\">\n\t\t\t\t\t<div class=\"elementor-column elementor-col-100 elementor-top-column elementor-element elementor-element-6d71bffc\" data-id=\"6d71bffc\" data-element_type=\"column\" data-e-type=\"column\">\n\t\t\t<div class=\"elementor-widget-wrap elementor-element-populated\">\n\t\t\t\t\t\t<section class=\"elementor-section elementor-inner-section elementor-element elementor-element-2e301b68 elementor-section-boxed elementor-section-height-default elementor-section-height-default\" data-id=\"2e301b68\" data-element_type=\"section\" data-e-type=\"section\">\n\t\t\t\t\t\t<div class=\"elementor-container elementor-column-gap-default\">\n\t\t\t\t\t<div class=\"elementor-column elementor-col-100 elementor-inner-column elementor-element elementor-element-b93b1b7\" data-id=\"b93b1b7\" data-element_type=\"column\" data-e-type=\"column\">\n\t\t\t<div class=\"elementor-widget-wrap elementor-element-populated\">\n\t\t\t\t\t\t<div class=\"elementor-element elementor-element-29e02a87 elementor-widget elementor-widget-image\" data-id=\"29e02a87\" data-element_type=\"widget\" data-e-type=\"widget\" data-widget_type=\"image.default\">\n\t\t\t\t\t\t\t\t\t\t\t\t\t\t\t<img decoding=\"async\" src=\"https:\/\/magnificomondoitaliano.com\/wp-content\/uploads\/elementor\/thumbs\/magnifico-mondo-italiano_colosseo-rm2yw1rgqnaty8s6yleehrplmz20xf2b8oaqgrsrx8.png\" title=\"magnifique-colliseum-italien-mondial\" alt=\"magnifique-colliseum-italien-mondial\" loading=\"lazy\" \/>\t\t\t\t\t\t\t\t\t\t\t\t\t\t\t<\/div>\n\t\t\t\t<div class=\"elementor-element elementor-element-3f376b1f elementor-align-center elementor-mobile-align-center elementor-icon-list--layout-inline elementor-list-item-link-full_width elementor-widget elementor-widget-icon-list\" data-id=\"3f376b1f\" data-element_type=\"widget\" data-e-type=\"widget\" data-widget_type=\"icon-list.default\">\n\t\t\t\t\t\t\t<ul class=\"elementor-icon-list-items elementor-inline-items\">\n\t\t\t\t\t\t\t<li class=\"elementor-icon-list-item elementor-inline-item\">\n\t\t\t\t\t\t\t\t\t\t\t<a href=\"#\">\n\n\t\t\t\t\t\t\t\t\t\t\t\t<span class=\"elementor-icon-list-icon\">\n\t\t\t\t\t\t\t<svg aria-hidden=\"true\" class=\"e-font-icon-svg e-far-window-minimize\" viewBox=\"0 0 512 512\" xmlns=\"http:\/\/www.w3.org\/2000\/svg\"><path d=\"M480 480H32c-17.7 0-32-14.3-32-32s14.3-32 32-32h448c17.7 0 32 14.3 32 32s-14.3 32-32 32z\"><\/path><\/svg>\t\t\t\t\t\t<\/span>\n\t\t\t\t\t\t\t\t\t\t<span class=\"elementor-icon-list-text\">Politique de confidentialit\u00e9<\/span>\n\t\t\t\t\t\t\t\t\t\t\t<\/a>\n\t\t\t\t\t\t\t\t\t<\/li>\n\t\t\t\t\t\t\t\t<li class=\"elementor-icon-list-item elementor-inline-item\">\n\t\t\t\t\t\t\t\t\t\t\t<a href=\"https:\/\/magnificomondoitaliano.com\/fr\/conditions-generales\/\">\n\n\t\t\t\t\t\t\t\t\t\t\t\t<span class=\"elementor-icon-list-icon\">\n\t\t\t\t\t\t\t<svg aria-hidden=\"true\" class=\"e-font-icon-svg e-far-window-minimize\" viewBox=\"0 0 512 512\" xmlns=\"http:\/\/www.w3.org\/2000\/svg\"><path d=\"M480 480H32c-17.7 0-32-14.3-32-32s14.3-32 32-32h448c17.7 0 32 14.3 32 32s-14.3 32-32 32z\"><\/path><\/svg>\t\t\t\t\t\t<\/span>\n\t\t\t\t\t\t\t\t\t\t<span class=\"elementor-icon-list-text\">Conditions d'utilisation<\/span>\n\t\t\t\t\t\t\t\t\t\t\t<\/a>\n\t\t\t\t\t\t\t\t\t<\/li>\n\t\t\t\t\t\t\t\t<li class=\"elementor-icon-list-item elementor-inline-item\">\n\t\t\t\t\t\t\t\t\t\t\t<a href=\"#\">\n\n\t\t\t\t\t\t\t\t\t\t\t\t<span class=\"elementor-icon-list-icon\">\n\t\t\t\t\t\t\t<svg aria-hidden=\"true\" class=\"e-font-icon-svg e-far-window-minimize\" viewBox=\"0 0 512 512\" xmlns=\"http:\/\/www.w3.org\/2000\/svg\"><path d=\"M480 480H32c-17.7 0-32-14.3-32-32s14.3-32 32-32h448c17.7 0 32 14.3 32 32s-14.3 32-32 32z\"><\/path><\/svg>\t\t\t\t\t\t<\/span>\n\t\t\t\t\t\t\t\t\t\t<span class=\"elementor-icon-list-text\">Droit d'auteur<\/span>\n\t\t\t\t\t\t\t\t\t\t\t<\/a>\n\t\t\t\t\t\t\t\t\t<\/li>\n\t\t\t\t\t\t<\/ul>\n\t\t\t\t\t\t<\/div>\n\t\t\t\t<div class=\"elementor-element elementor-element-66711b12 elementor-shape-rounded elementor-grid-0 e-grid-align-center elementor-widget elementor-widget-social-icons\" data-id=\"66711b12\" data-element_type=\"widget\" data-e-type=\"widget\" data-widget_type=\"social-icons.default\">\n\t\t\t\t\t\t\t<div class=\"elementor-social-icons-wrapper elementor-grid\" role=\"list\">\n\t\t\t\t\t\t\t<span class=\"elementor-grid-item\" role=\"listitem\">\n\t\t\t\t\t<a class=\"elementor-icon elementor-social-icon elementor-social-icon-instagram elementor-animation-grow elementor-repeater-item-d550229\" target=\"_blank\">\n\t\t\t\t\t\t<span class=\"elementor-screen-only\">Instagram<\/span>\n\t\t\t\t\t\t<svg aria-hidden=\"true\" class=\"e-font-icon-svg e-fab-instagram\" viewBox=\"0 0 448 512\" xmlns=\"http:\/\/www.w3.org\/2000\/svg\"><path d=\"M224.1 141c-63.6 0-114.9 51.3-114.9 114.9s51.3 114.9 114.9 114.9S339 319.5 339 255.9 287.7 141 224.1 141zm0 189.6c-41.1 0-74.7-33.5-74.7-74.7s33.5-74.7 74.7-74.7 74.7 33.5 74.7 74.7-33.6 74.7-74.7 74.7zm146.4-194.3c0 14.9-12 26.8-26.8 26.8-14.9 0-26.8-12-26.8-26.8s12-26.8 26.8-26.8 26.8 12 26.8 26.8zm76.1 27.2c-1.7-35.9-9.9-67.7-36.2-93.9-26.2-26.2-58-34.4-93.9-36.2-37-2.1-147.9-2.1-184.9 0-35.8 1.7-67.6 9.9-93.9 36.1s-34.4 58-36.2 93.9c-2.1 37-2.1 147.9 0 184.9 1.7 35.9 9.9 67.7 36.2 93.9s58 34.4 93.9 36.2c37 2.1 147.9 2.1 184.9 0 35.9-1.7 67.7-9.9 93.9-36.2 26.2-26.2 34.4-58 36.2-93.9 2.1-37 2.1-147.8 0-184.8zM398.8 388c-7.8 19.6-22.9 34.7-42.6 42.6-29.5 11.7-99.5 9-132.1 9s-102.7 2.6-132.1-9c-19.6-7.8-34.7-22.9-42.6-42.6-11.7-29.5-9-99.5-9-132.1s-2.6-102.7 9-132.1c7.8-19.6 22.9-34.7 42.6-42.6 29.5-11.7 99.5-9 132.1-9s102.7-2.6 132.1 9c19.6 7.8 34.7 22.9 42.6 42.6 11.7 29.5 9 99.5 9 132.1s2.7 102.7-9 132.1z\"><\/path><\/svg>\t\t\t\t\t<\/a>\n\t\t\t\t<\/span>\n\t\t\t\t\t\t\t<span class=\"elementor-grid-item\" role=\"listitem\">\n\t\t\t\t\t<a class=\"elementor-icon elementor-social-icon elementor-social-icon-youtube elementor-animation-grow elementor-repeater-item-0ee9fe5\" target=\"_blank\">\n\t\t\t\t\t\t<span class=\"elementor-screen-only\">Youtube<\/span>\n\t\t\t\t\t\t<svg aria-hidden=\"true\" class=\"e-font-icon-svg e-fab-youtube\" viewBox=\"0 0 576 512\" xmlns=\"http:\/\/www.w3.org\/2000\/svg\"><path d=\"M549.655 124.083c-6.281-23.65-24.787-42.276-48.284-48.597C458.781 64 288 64 288 64S117.22 64 74.629 75.486c-23.497 6.322-42.003 24.947-48.284 48.597-11.412 42.867-11.412 132.305-11.412 132.305s0 89.438 11.412 132.305c6.281 23.65 24.787 41.5 48.284 47.821C117.22 448 288 448 288 448s170.78 0 213.371-11.486c23.497-6.321 42.003-24.171 48.284-47.821 11.412-42.867 11.412-132.305 11.412-132.305s0-89.438-11.412-132.305zm-317.51 213.508V175.185l142.739 81.205-142.739 81.201z\"><\/path><\/svg>\t\t\t\t\t<\/a>\n\t\t\t\t<\/span>\n\t\t\t\t\t\t\t<span class=\"elementor-grid-item\" role=\"listitem\">\n\t\t\t\t\t<a class=\"elementor-icon elementor-social-icon elementor-social-icon-whatsapp elementor-animation-grow elementor-repeater-item-a36cfda\" target=\"_blank\">\n\t\t\t\t\t\t<span class=\"elementor-screen-only\">Whatsapp<\/span>\n\t\t\t\t\t\t<svg aria-hidden=\"true\" class=\"e-font-icon-svg e-fab-whatsapp\" viewBox=\"0 0 448 512\" xmlns=\"http:\/\/www.w3.org\/2000\/svg\"><path d=\"M380.9 97.1C339 55.1 283.2 32 223.9 32c-122.4 0-222 99.6-222 222 0 39.1 10.2 77.3 29.6 111L0 480l117.7-30.9c32.4 17.7 68.9 27 106.1 27h.1c122.3 0 224.1-99.6 224.1-222 0-59.3-25.2-115-67.1-157zm-157 341.6c-33.2 0-65.7-8.9-94-25.7l-6.7-4-69.8 18.3L72 359.2l-4.4-7c-18.5-29.4-28.2-63.3-28.2-98.2 0-101.7 82.8-184.5 184.6-184.5 49.3 0 95.6 19.2 130.4 54.1 34.8 34.9 56.2 81.2 56.1 130.5 0 101.8-84.9 184.6-186.6 184.6zm101.2-138.2c-5.5-2.8-32.8-16.2-37.9-18-5.1-1.9-8.8-2.8-12.5 2.8-3.7 5.6-14.3 18-17.6 21.8-3.2 3.7-6.5 4.2-12 1.4-32.6-16.3-54-29.1-75.5-66-5.7-9.8 5.7-9.1 16.3-30.3 1.8-3.7.9-6.9-.5-9.7-1.4-2.8-12.5-30.1-17.1-41.2-4.5-10.8-9.1-9.3-12.5-9.5-3.2-.2-6.9-.2-10.6-.2-3.7 0-9.7 1.4-14.8 6.9-5.1 5.6-19.4 19-19.4 46.3 0 27.3 19.9 53.7 22.6 57.4 2.8 3.7 39.1 59.7 94.8 83.8 35.2 15.2 49 16.5 66.6 13.9 10.7-1.6 32.8-13.4 37.4-26.4 4.6-13 4.6-24.1 3.2-26.4-1.3-2.5-5-3.9-10.5-6.6z\"><\/path><\/svg>\t\t\t\t\t<\/a>\n\t\t\t\t<\/span>\n\t\t\t\t\t\t\t<span class=\"elementor-grid-item\" role=\"listitem\">\n\t\t\t\t\t<a class=\"elementor-icon elementor-social-icon elementor-social-icon-facebook-f elementor-animation-grow elementor-repeater-item-9758c9c\" target=\"_blank\">\n\t\t\t\t\t\t<span class=\"elementor-screen-only\">Facebook-f<\/span>\n\t\t\t\t\t\t<svg aria-hidden=\"true\" class=\"e-font-icon-svg e-fab-facebook-f\" viewBox=\"0 0 320 512\" xmlns=\"http:\/\/www.w3.org\/2000\/svg\"><path d=\"M279.14 288l14.22-92.66h-88.91v-60.13c0-25.35 12.42-50.06 52.24-50.06h40.42V6.26S260.43 0 225.36 0c-73.22 0-121.08 44.38-121.08 124.72v70.62H22.89V288h81.39v224h100.17V288z\"><\/path><\/svg>\t\t\t\t\t<\/a>\n\t\t\t\t<\/span>\n\t\t\t\t\t\t\t<span class=\"elementor-grid-item\" role=\"listitem\">\n\t\t\t\t\t<a class=\"elementor-icon elementor-social-icon elementor-social-icon-envelope elementor-animation-grow elementor-repeater-item-53dfc77\" target=\"_blank\">\n\t\t\t\t\t\t<span class=\"elementor-screen-only\">Envelope<\/span>\n\t\t\t\t\t\t<svg aria-hidden=\"true\" class=\"e-font-icon-svg e-fas-envelope\" viewBox=\"0 0 512 512\" xmlns=\"http:\/\/www.w3.org\/2000\/svg\"><path d=\"M502.3 190.8c3.9-3.1 9.7-.2 9.7 4.7V400c0 26.5-21.5 48-48 48H48c-26.5 0-48-21.5-48-48V195.6c0-5 5.7-7.8 9.7-4.7 22.4 17.4 52.1 39.5 154.1 113.6 21.1 15.4 56.7 47.8 92.2 47.6 35.7.3 72-32.8 92.3-47.6 102-74.1 131.6-96.3 154-113.7zM256 320c23.2.4 56.6-29.2 73.4-41.4 132.7-96.3 142.8-104.7 173.4-128.7 5.8-4.5 9.2-11.5 9.2-18.9v-19c0-26.5-21.5-48-48-48H48C21.5 64 0 85.5 0 112v19c0 7.4 3.4 14.3 9.2 18.9 30.6 23.9 40.7 32.4 173.4 128.7 16.8 12.2 50.2 41.8 73.4 41.4z\"><\/path><\/svg>\t\t\t\t\t<\/a>\n\t\t\t\t<\/span>\n\t\t\t\t\t<\/div>\n\t\t\t\t\t\t<\/div>\n\t\t\t\t\t<\/div>\n\t\t<\/div>\n\t\t\t\t\t<\/div>\n\t\t<\/section>\n\t\t\t\t\t<\/div>\n\t\t<\/div>\n\t\t\t\t\t<\/div>\n\t\t<\/section>\n\t\t\t\t<\/div>\n\t\t","protected":false},"excerpt":{"rendered":"<p>Foire aux questions (FAQ) sur Magnifico Mondo Italiano Bienvenue dans notre FAQ ! Vous trouverez ici les r\u00e9ponses aux questions les plus fr\u00e9quentes concernant notre approche unique de l&rsquo;enseignement de l&rsquo;italien, ax\u00e9e sur la culture italienne, l&rsquo;art, le cin\u00e9ma, l&rsquo;op\u00e9ra et le th\u00e9\u00e2tre. 1. Cours et m\u00e9thodologie Q : Qu&rsquo;est-ce qui diff\u00e9rencie Magnifico Mondo Italiano [&hellip;]<\/p>\n","protected":false},"author":2,"featured_media":0,"parent":0,"menu_order":0,"comment_status":"closed","ping_status":"closed","template":"","meta":{"footnotes":""},"class_list":["post-5515","page","type-page","status-publish","hentry"],"_links":{"self":[{"href":"https:\/\/magnificomondoitaliano.com\/fr\/wp-json\/wp\/v2\/pages\/5515","targetHints":{"allow":["GET"]}}],"collection":[{"href":"https:\/\/magnificomondoitaliano.com\/fr\/wp-json\/wp\/v2\/pages"}],"about":[{"href":"https:\/\/magnificomondoitaliano.com\/fr\/wp-json\/wp\/v2\/types\/page"}],"author":[{"embeddable":true,"href":"https:\/\/magnificomondoitaliano.com\/fr\/wp-json\/wp\/v2\/users\/2"}],"replies":[{"embeddable":true,"href":"https:\/\/magnificomondoitaliano.com\/fr\/wp-json\/wp\/v2\/comments?post=5515"}],"version-history":[{"count":2,"href":"https:\/\/magnificomondoitaliano.com\/fr\/wp-json\/wp\/v2\/pages\/5515\/revisions"}],"predecessor-version":[{"id":6273,"href":"https:\/\/magnificomondoitaliano.com\/fr\/wp-json\/wp\/v2\/pages\/5515\/revisions\/6273"}],"wp:attachment":[{"href":"https:\/\/magnificomondoitaliano.com\/fr\/wp-json\/wp\/v2\/media?parent=5515"}],"curies":[{"name":"wp","href":"https:\/\/api.w.org\/{rel}","templated":true}]}}