{"id":12458,"date":"2025-10-22T09:57:28","date_gmt":"2025-10-22T09:57:28","guid":{"rendered":"https:\/\/magnificomondoitaliano.com\/prodotto\/atelier-c1-dechiffrer-litalie-avec-ferrante\/"},"modified":"2025-10-22T09:57:28","modified_gmt":"2025-10-22T09:57:28","slug":"atelier-c1-dechiffrer-litalie-avec-ferrante","status":"publish","type":"product","link":"https:\/\/magnificomondoitaliano.com\/fr\/negozio\/atelier-c1-dechiffrer-litalie-avec-ferrante\/","title":{"rendered":"Atelier C1 : d\u00e9chiffrer l&rsquo;Italie avec Ferrante."},"content":{"rendered":"<p data-pm-slice=\"1 1 []\"><strong>Pourquoi cet atelier est essentiel pour votre B2+\/C1 : <\/strong>cet atelier est con\u00e7u pour l&rsquo;\u00e9tudiant avanc\u00e9 qui souhaite aller au-del\u00e0 du d\u00e9bat g\u00e9n\u00e9rique et analyser les <strong>structures sociales, les dynamiques de pouvoir et les expressions \u00e9motionnelles<\/strong> de la culture italienne contemporaine. Nous utiliserons l&rsquo;\u0153uvre d&rsquo;Elena Ferrante comme prisme pour acc\u00e9der \u00e0 un <strong>lexique C2<\/strong> (journalistique, essayiste et narratif) et pour ma\u00eetriser la langue du r\u00e9cit et de la critique. <\/p>\n<p><strong>Ce que vous apprendrez :<\/strong><\/p>\n<ol>\n<li><strong>Analyse Narrative Complexe :<\/strong> Structures syntaxiques et expressions idiomatiques utilis\u00e9es dans la haute litt\u00e9rature et le journalisme d&rsquo;opinion.<\/li>\n<li><strong>Lexique Socio-Culturel :<\/strong> Vocabulaire sp\u00e9cifique pour discuter de th\u00e8mes tels que le f\u00e9minisme, les in\u00e9galit\u00e9s, les relations familiales et l&rsquo;identit\u00e9 italienne.<\/li>\n<li><strong>Langage \u00c9motionnel Profond :<\/strong> D\u00e9velopper la capacit\u00e9 d&rsquo;exprimer des nuances \u00e9motionnelles complexes et critiques, essentielle pour une v\u00e9ritable ma\u00eetrise de la langue.<\/li>\n<li><strong>Discussion Critique :<\/strong> Mener des d\u00e9bats structur\u00e9s sur des textes et des concepts complexes, passant de l&rsquo;opinion \u00e0 une v\u00e9ritable argumentation.<\/li>\n<\/ol>\n<p><strong>Structure :<\/strong> 4 s\u00e9ances de 90 minutes. <strong>Niveau requis :<\/strong> B2+ (Une solide base grammaticale est n\u00e9cessaire pour la complexit\u00e9 des textes).<\/p>\n","protected":false},"excerpt":{"rendered":"<p><b>L&rsquo;analyse critique est la v\u00e9ritable langue C1.<\/b> \u00c0 travers les dialogues <i>sensibles<\/i> d&rsquo;Elena Ferrante, vous acquerrez le vocabulaire du journalisme culturel n\u00e9cessaire pour d\u00e9battre sur le f\u00e9minisme, les dynamiques sociales complexes et la culture italienne contemporaine. Ce n&rsquo;est pas seulement un cours de langue, c&rsquo;est un atelier de pens\u00e9e critique. <\/p>\n","protected":false},"featured_media":12086,"template":"","meta":[],"product_brand":[],"product_cat":[149],"product_tag":[173,178,176,177,174,175],"class_list":{"0":"post-12458","1":"product","2":"type-product","3":"status-publish","4":"has-post-thumbnail","6":"product_cat-atelier","7":"product_tag-cours-ditalien-efficace-2","8":"product_tag-cours-ditalien-personnalise","9":"product_tag-cours-en-ligne-2","10":"product_tag-cours-personnalise","11":"product_tag-italien-2","12":"product_tag-langue-italienne-2","14":"first","15":"instock","16":"shipping-taxable","17":"purchasable","18":"product-type-simple"},"_links":{"self":[{"href":"https:\/\/magnificomondoitaliano.com\/fr\/wp-json\/wp\/v2\/product\/12458","targetHints":{"allow":["GET"]}}],"collection":[{"href":"https:\/\/magnificomondoitaliano.com\/fr\/wp-json\/wp\/v2\/product"}],"about":[{"href":"https:\/\/magnificomondoitaliano.com\/fr\/wp-json\/wp\/v2\/types\/product"}],"wp:featuredmedia":[{"embeddable":true,"href":"https:\/\/magnificomondoitaliano.com\/fr\/wp-json\/wp\/v2\/media\/12086"}],"wp:attachment":[{"href":"https:\/\/magnificomondoitaliano.com\/fr\/wp-json\/wp\/v2\/media?parent=12458"}],"wp:term":[{"taxonomy":"product_brand","embeddable":true,"href":"https:\/\/magnificomondoitaliano.com\/fr\/wp-json\/wp\/v2\/product_brand?post=12458"},{"taxonomy":"product_cat","embeddable":true,"href":"https:\/\/magnificomondoitaliano.com\/fr\/wp-json\/wp\/v2\/product_cat?post=12458"},{"taxonomy":"product_tag","embeddable":true,"href":"https:\/\/magnificomondoitaliano.com\/fr\/wp-json\/wp\/v2\/product_tag?post=12458"}],"curies":[{"name":"wp","href":"https:\/\/api.w.org\/{rel}","templated":true}]}}