{"id":12468,"date":"2025-10-22T10:21:50","date_gmt":"2025-10-22T10:21:50","guid":{"rendered":"https:\/\/magnificomondoitaliano.com\/prodotto\/atelier-b2-la-melodie-parfaite-de-litalien-phonetique-et-prononciation\/"},"modified":"2025-10-22T10:44:20","modified_gmt":"2025-10-22T10:44:20","slug":"atelier-b2-la-melodie-parfaite-de-litalien-phonetique-et-prononciation","status":"publish","type":"product","link":"https:\/\/magnificomondoitaliano.com\/fr\/negozio\/atelier-b2-la-melodie-parfaite-de-litalien-phonetique-et-prononciation\/","title":{"rendered":"Atelier B2 : la m\u00e9lodie parfaite de l&rsquo;italien. Phon\u00e9tique et prononciation."},"content":{"rendered":"<p data-pm-slice=\"1 1 []\"><strong>Pourquoi cet atelier est essentiel pour votre B2 ou C1 :<\/strong><\/p>\n<p>Si votre grammaire est solide mais que votre prononciation vous fait sentir bloqu\u00e9 ou peu s\u00fbr de vous, cet atelier est fait pour vous. Nous ne nous limiterons pas \u00e0 corriger les sons, mais nous travaillerons sur le <strong>rythme, l&rsquo;intonation et le <\/strong><em><strong>timbre<\/strong><\/em> de votre voix pour vous garantir une communication claire et sans effort. <\/p>\n<p>L&rsquo;objectif est d&rsquo;\u00e9liminer l&rsquo;h\u00e9sitation, d&rsquo;acc\u00e9l\u00e9rer la compr\u00e9hension orale et de faire sonner votre italien de mani\u00e8re <strong>fluide, naturelle et assur\u00e9e<\/strong> dans n&rsquo;importe quel contexte. Nous aborderons les erreurs les plus courantes qui persistent m\u00eame aux niveaux avanc\u00e9s. <\/p>\n<p><strong>Ce que vous apprendrez :<\/strong><\/p>\n<ol>\n<li><strong>Techniques de Diction Avanc\u00e9e :<\/strong> Distinction entre voyelles ouvertes et ferm\u00e9es (<code>e<\/code>, <code>o<\/code>) et articulation correcte des consonnes doubles, cruciales pour la clart\u00e9.<\/li>\n<li><strong>Rythme et Intonation :<\/strong> Comment donner la bonne cadence et m\u00e9lodie aux phrases pour \u00e9liminer l&rsquo;accent \u00e9tranger et sonner plus naturel.<\/li>\n<li><strong>Vitesse et Fluidit\u00e9 :<\/strong> Exercices cibl\u00e9s pour encha\u00eener les mots sans h\u00e9sitation et suivre le rythme de la conversation native.<\/li>\n<li><strong>Assurance \u00e0 l&rsquo;Oral :<\/strong> Transformer l&rsquo;ins\u00e9curit\u00e9 dans l&rsquo;utilisation du vocabulaire en une communication assur\u00e9e et percutante, am\u00e9liorant votre <em>performance<\/em> linguistique.<\/li>\n<\/ol>\n<p><strong>Structure :<\/strong> 4 s\u00e9ances de 60 minutes. <strong>Niveau requis :<\/strong> B2 (Id\u00e9al pour ceux qui sont en phase de consolidation ou qui souhaitent atteindre l&rsquo;excellence phon\u00e9tique).<\/p>\n","protected":false},"excerpt":{"rendered":"<p data-pm-slice=\"1 1 []\"><strong>L&rsquo;Atelier essentiel pour \u00e9liminer l&rsquo;ins\u00e9curit\u00e9 et l&rsquo;accent \u00e9tranger.<\/strong> Travaillez sur le rythme, l&rsquo;intonation et la diction avanc\u00e9e pour faire sonner votre italien de mani\u00e8re <strong>naturelle et assur\u00e9e<\/strong>.<\/p>\n<p><strong>Id\u00e9al pour :<\/strong> Les \u00e9tudiants B2 et C1 qui veulent perfectionner le son de leur voix.<\/p>\n<p><strong>R\u00e9sultat :<\/strong> Clart\u00e9 maximale, fluidit\u00e9 et assurance \u00e0 l&rsquo;oral.<\/p>\n<p><strong>Dur\u00e9e :<\/strong> 4 s\u00e9ances de 60 minutes chacune.<\/p>\n","protected":false},"featured_media":12062,"template":"","meta":[],"product_brand":[],"product_cat":[149],"product_tag":[136,173,178,135,132,177,133,134],"class_list":{"0":"post-12468","1":"product","2":"type-product","3":"status-publish","4":"has-post-thumbnail","6":"product_cat-atelier","7":"product_tag-cours-ditalien-efficace","8":"product_tag-cours-ditalien-efficace-2","9":"product_tag-cours-ditalien-personnalise","10":"product_tag-cours-ditalien-sur-mesure","11":"product_tag-cours-en-ligne","12":"product_tag-cours-personnalise","13":"product_tag-cours-sur-mesure","14":"product_tag-langue-italienne","16":"first","17":"instock","18":"shipping-taxable","19":"purchasable","20":"product-type-simple"},"_links":{"self":[{"href":"https:\/\/magnificomondoitaliano.com\/fr\/wp-json\/wp\/v2\/product\/12468","targetHints":{"allow":["GET"]}}],"collection":[{"href":"https:\/\/magnificomondoitaliano.com\/fr\/wp-json\/wp\/v2\/product"}],"about":[{"href":"https:\/\/magnificomondoitaliano.com\/fr\/wp-json\/wp\/v2\/types\/product"}],"wp:featuredmedia":[{"embeddable":true,"href":"https:\/\/magnificomondoitaliano.com\/fr\/wp-json\/wp\/v2\/media\/12062"}],"wp:attachment":[{"href":"https:\/\/magnificomondoitaliano.com\/fr\/wp-json\/wp\/v2\/media?parent=12468"}],"wp:term":[{"taxonomy":"product_brand","embeddable":true,"href":"https:\/\/magnificomondoitaliano.com\/fr\/wp-json\/wp\/v2\/product_brand?post=12468"},{"taxonomy":"product_cat","embeddable":true,"href":"https:\/\/magnificomondoitaliano.com\/fr\/wp-json\/wp\/v2\/product_cat?post=12468"},{"taxonomy":"product_tag","embeddable":true,"href":"https:\/\/magnificomondoitaliano.com\/fr\/wp-json\/wp\/v2\/product_tag?post=12468"}],"curies":[{"name":"wp","href":"https:\/\/api.w.org\/{rel}","templated":true}]}}