{"id":5929,"date":"2025-05-04T22:35:24","date_gmt":"2025-05-04T22:35:24","guid":{"rendered":"https:\/\/magnificomondoitaliano.com\/prodotto\/1-lecon-individuelle-45-minutes\/"},"modified":"2025-05-04T22:35:24","modified_gmt":"2025-05-04T22:35:24","slug":"1-lecon-individuelle-45-minutes","status":"publish","type":"product","link":"https:\/\/magnificomondoitaliano.com\/fr\/negozio\/1-lecon-individuelle-45-minutes\/","title":{"rendered":"1 le\u00e7on individuelle (45 minutes)"},"content":{"rendered":"<p class=\"\" data-start=\"1123\" data-end=\"1372\">\ud83d\udccc <strong data-start=\"1126\" data-end=\"1158\">Ce que cette le\u00e7on comprend :<\/strong><br \/>\n- 1 le\u00e7on individuelle de 60 minutes<br data-start=\"1195\" data-end=\"1198\">- Plateforme : en ligne (Zoom ou Google Meet)<br data-start=\"1240\" data-end=\"1243\">- Mat\u00e9riel p\u00e9dagogique inclus<br data-start=\"1272\" data-end=\"1275\">- Approche communicative, ax\u00e9e sur le vocabulaire, la grammaire et la culture<br data-start=\"1343\" data-end=\"1346\">- Convient \u00e0 tous les niveaux<\/p>\n<p class=\"\" data-start=\"1374\" data-end=\"1563\"><strong data-start=\"1013\" data-end=\"1046\">Que se passe-t-il apr\u00e8s l&rsquo;achat ?<br \/>\n<\/strong>\ud83d\udcac Apr\u00e8s l&rsquo;achat, vous serez contact\u00e9 pour convenir du jour et de l&rsquo;heure de la le\u00e7on. Si vous pr\u00e9f\u00e9rez, vous pouvez d&rsquo;abord r\u00e9server une<br data-start=\"1461\" data-end=\"1464\">\ud83d\udcc5 <strong data-start=\"1507\" data-end=\"1540\">le\u00e7on de bienvenue gratuite<\/strong> \u00e0 partir de la page d\u00e9di\u00e9e.<\/p>\n","protected":false},"excerpt":{"rendered":"<p>\ud83c\udf93 <strong>1 le\u00e7on individuelle d&rsquo;italien (60 min)<\/strong><br \/>\nAvec un professeur exp\u00e9riment\u00e9 et un programme sur mesure.<br \/>\nEn ligne, flexible, engageant.<\/p>\n<p>&nbsp;<\/p>\n","protected":false},"featured_media":4424,"template":"","meta":[],"product_brand":[],"product_cat":[],"product_tag":[],"class_list":{"0":"post-5929","1":"product","2":"type-product","3":"status-publish","4":"has-post-thumbnail","7":"first","8":"instock","9":"virtual","10":"purchasable","11":"product-type-simple"},"_links":{"self":[{"href":"https:\/\/magnificomondoitaliano.com\/fr\/wp-json\/wp\/v2\/product\/5929","targetHints":{"allow":["GET"]}}],"collection":[{"href":"https:\/\/magnificomondoitaliano.com\/fr\/wp-json\/wp\/v2\/product"}],"about":[{"href":"https:\/\/magnificomondoitaliano.com\/fr\/wp-json\/wp\/v2\/types\/product"}],"wp:featuredmedia":[{"embeddable":true,"href":"https:\/\/magnificomondoitaliano.com\/fr\/wp-json\/wp\/v2\/media\/4424"}],"wp:attachment":[{"href":"https:\/\/magnificomondoitaliano.com\/fr\/wp-json\/wp\/v2\/media?parent=5929"}],"wp:term":[{"taxonomy":"product_brand","embeddable":true,"href":"https:\/\/magnificomondoitaliano.com\/fr\/wp-json\/wp\/v2\/product_brand?post=5929"},{"taxonomy":"product_cat","embeddable":true,"href":"https:\/\/magnificomondoitaliano.com\/fr\/wp-json\/wp\/v2\/product_cat?post=5929"},{"taxonomy":"product_tag","embeddable":true,"href":"https:\/\/magnificomondoitaliano.com\/fr\/wp-json\/wp\/v2\/product_tag?post=5929"}],"curies":[{"name":"wp","href":"https:\/\/api.w.org\/{rel}","templated":true}]}}