{"id":6420,"date":"2025-07-06T09:07:18","date_gmt":"2025-07-06T09:07:18","guid":{"rendered":"https:\/\/magnificomondoitaliano.com\/prodotto\/lecons-individuelles-personnalisees\/"},"modified":"2025-07-06T09:07:18","modified_gmt":"2025-07-06T09:07:18","slug":"lecons-individuelles-personnalisees","status":"publish","type":"product","link":"https:\/\/magnificomondoitaliano.com\/fr\/negozio\/lecons-individuelles-personnalisees\/","title":{"rendered":"LE\u00c7ONS INDIVIDUELLES PERSONNALIS\u00c9ES"},"content":{"rendered":"<p><strong>Un cours sur mesure, juste pour vous.<\/strong><br \/>\nQue vous vouliez apprendre l&rsquo;italien pour la vie quotidienne, pour le travail ou pour la passion, nous cr\u00e9erons ensemble le cours parfait.<\/p>\n<p><strong>Choisissez votre centre d&rsquo;int\u00e9r\u00eat parmi :<\/strong><br \/>\nItalien g\u00e9n\u00e9ral (tous les niveaux du CECR)<br \/>\nCours culturels : art, th\u00e9\u00e2tre, cin\u00e9ma, op\u00e9ra (pour les niveaux A2 \u00e0 C2).<\/p>\n","protected":false},"excerpt":{"rendered":"<p>Horaires flexibles, contenu personnalis\u00e9, m\u00e9thode communicative.<br \/>\nR\u00e9servez votre le\u00e7on gratuite ou achetez un forfait.<\/p>\n","protected":false},"featured_media":4774,"template":"","meta":[],"product_brand":[],"product_cat":[39],"product_tag":[],"class_list":{"0":"post-6420","1":"product","2":"type-product","3":"status-publish","4":"has-post-thumbnail","6":"product_cat-senza-categoria","8":"first","9":"instock","10":"shipping-taxable","11":"product-type-simple"},"_links":{"self":[{"href":"https:\/\/magnificomondoitaliano.com\/fr\/wp-json\/wp\/v2\/product\/6420","targetHints":{"allow":["GET"]}}],"collection":[{"href":"https:\/\/magnificomondoitaliano.com\/fr\/wp-json\/wp\/v2\/product"}],"about":[{"href":"https:\/\/magnificomondoitaliano.com\/fr\/wp-json\/wp\/v2\/types\/product"}],"wp:featuredmedia":[{"embeddable":true,"href":"https:\/\/magnificomondoitaliano.com\/fr\/wp-json\/wp\/v2\/media\/4774"}],"wp:attachment":[{"href":"https:\/\/magnificomondoitaliano.com\/fr\/wp-json\/wp\/v2\/media?parent=6420"}],"wp:term":[{"taxonomy":"product_brand","embeddable":true,"href":"https:\/\/magnificomondoitaliano.com\/fr\/wp-json\/wp\/v2\/product_brand?post=6420"},{"taxonomy":"product_cat","embeddable":true,"href":"https:\/\/magnificomondoitaliano.com\/fr\/wp-json\/wp\/v2\/product_cat?post=6420"},{"taxonomy":"product_tag","embeddable":true,"href":"https:\/\/magnificomondoitaliano.com\/fr\/wp-json\/wp\/v2\/product_tag?post=6420"}],"curies":[{"name":"wp","href":"https:\/\/api.w.org\/{rel}","templated":true}]}}