{"id":6981,"date":"2025-07-06T09:07:18","date_gmt":"2025-07-06T09:07:18","guid":{"rendered":"https:\/\/magnificomondoitaliano.com\/prodotto\/lecons-individuelles-personnalisees-2\/"},"modified":"2025-09-11T10:49:24","modified_gmt":"2025-09-11T10:49:24","slug":"lecons-individuelles-personnalisees-2","status":"publish","type":"product","link":"https:\/\/magnificomondoitaliano.com\/fr\/negozio\/lecons-individuelles-personnalisees-2\/","title":{"rendered":"LE\u00c7ONS INDIVIDUELLES PERSONNALIS\u00c9ES"},"content":{"rendered":"<p><b>Cours particuliers d&rsquo;italien en ligne : un voyage culturel sur mesure pour vous<\/b><\/p>\n<p>Apprendre l&rsquo;italien est une exp\u00e9rience qui va au-del\u00e0 de la grammaire : c&rsquo;est une immersion profonde dans la culture, l&rsquo;art et l&rsquo;\u00e2me du Bel Paese. Avec <i>Magnifico Mondo Italiano<\/i>, nous vous offrons un parcours d&rsquo;apprentissage unique, enti\u00e8rement personnalis\u00e9 et con\u00e7u pour refl\u00e9ter vos passions et vos objectifs. Si vous souhaitez vivre une exp\u00e9rience d&rsquo;apprentissage authentique et profonde qui associe l&rsquo;\u00e9tude de la langue \u00e0 une riche exploration culturelle, vous avez frapp\u00e9 \u00e0 la bonne porte.  <\/p>\n<p><b>Votre formation sur mesure :<\/b><\/p>\n<p>Oubliez les cours standardis\u00e9s. Ensemble, nous cr\u00e9erons le programme id\u00e9al en fonction de vos besoins, de votre niveau de d\u00e9part (CECR A1 \u00e0 C2) et de vos int\u00e9r\u00eats sp\u00e9cifiques. Notre m\u00e9thode communicative vous permettra de parler d\u00e8s le d\u00e9but, en explorant la langue \u00e0 travers des contenus stimulants et authentiques.  <\/p>\n<p><b>Choisissez votre th\u00e8me d&rsquo;immersion culturelle :<\/b><\/p>\n<p>Outre l&rsquo;italien g\u00e9n\u00e9ral, nos cours se caract\u00e9risent par l&rsquo;exploration de parcours culturels uniques. Vous pouvez choisir d&rsquo;explorer : <\/p>\n<ul>\n<li><b>L&rsquo;Italie avec l&rsquo;art :<\/b> De la naissance de la Renaissance (Florence, L\u00e9onard, Michel-Ange) \u00e0 l&rsquo;art italien contemporain (Land Art, AI et NFT), nous analyserons les \u0153uvres, les mouvements et les artistes qui ont fa\u00e7onn\u00e9 l&rsquo;h\u00e9ritage culturel de l&rsquo;Italie. Apprenez \u00e0 d\u00e9crire un chef-d&rsquo;\u0153uvre, discutez des techniques de peinture et comprenez le contexte historique de l&rsquo;art. <\/li>\n<li><b>L&rsquo;Italiano con il Cinema :<\/b> Voyagez \u00e0 travers l&rsquo;histoire du cin\u00e9ma italien, des classiques aux r\u00e9alisateurs contemporains. Analyse des sc\u00e9narios, des dialogues et des th\u00e8mes qui refl\u00e8tent la soci\u00e9t\u00e9 et la culture italiennes. <\/li>\n<li><b>L&rsquo;italien avec l&rsquo;op\u00e9ra lyrique :<\/b> plongez dans les arias et les livrets des grands ma\u00eetres, d\u00e9couvrez la musicalit\u00e9 de la langue et le drame qui a rendu l&rsquo;op\u00e9ra italien c\u00e9l\u00e8bre dans le monde entier.<\/li>\n<li><b>Italien avec th\u00e9\u00e2tre :<\/b> Explorez la richesse du th\u00e9\u00e2tre italien, de la Commedia dell&rsquo;Arte aux \u0153uvres plus modernes, en utilisant la sc\u00e8ne comme un outil pour am\u00e9liorer votre expression orale et votre compr\u00e9hension culturelle.<\/li>\n<\/ul>\n<p><b>Ce que nous vous offrons :<\/b><\/p>\n<ul>\n<li><b>Des le\u00e7ons individuelles hautement personnalis\u00e9es :<\/b> chaque session est con\u00e7ue exclusivement pour vous.<\/li>\n<li><b>Horaires flexibles :<\/b> nous nous adaptons \u00e0 vos disponibilit\u00e9s pour des s\u00e9ances qui s&rsquo;int\u00e8grent parfaitement \u00e0 votre routine.<\/li>\n<li><b>M\u00e9thode communicative dynamique :<\/b> vous parlerez, discuterez et interagirez d\u00e8s le premier cours.<\/li>\n<li><b>Contenu authentique et approfondi :<\/b> nous utilisons du mat\u00e9riel s\u00e9lectionn\u00e9 provenant de sources prestigieuses telles que Treccani, Artribune, des vid\u00e9os et des podcasts pour un apprentissage stimulant et pertinent.<\/li>\n<li><b>Des enseignants qualifi\u00e9s et sp\u00e9cialis\u00e9s :<\/b> Notre expertise est bas\u00e9e sur une connaissance approfondie des disciplines artistiques et culturelles italiennes. Tous les enseignants sont certifi\u00e9s CEDILS, ce qui garantit une exp\u00e9rience d&rsquo;enseignement du plus haut niveau.<\/li>\n<\/ul>\n<p>D\u00e9couvrez la beaut\u00e9 de la langue italienne \u00e0 travers sa culture incomparable. Les <i>le\u00e7ons individuelles personnalis\u00e9es<\/i> de <i>Magnifico Mondo Italiano<\/i> sont votre pont authentique vers l&rsquo;\u00e2me culturelle de l&rsquo;Italie. <\/p>\n","protected":false},"excerpt":{"rendered":"<p>\ud83d\udccd <b>Votre cours d&rsquo;italien en ligne, individuel et sur mesure.<\/b> Plongez dans la culture, l&rsquo;art, le cin\u00e9ma et l&rsquo;op\u00e9ra italiens avec une m\u00e9thode communicative et des professeurs certifi\u00e9s CEDILS. Horaires flexibles, contenu personnalis\u00e9 pour une exp\u00e9rience d&rsquo;apprentissage authentique. <\/p>\n<p>\ud83d\udc49 <b>R\u00e9servez votre le\u00e7on gratuite ou choisissez le forfait parfait pour commencer votre voyage dans le magnifique monde italien !<\/b><\/p>\n","protected":false},"featured_media":4424,"template":"","meta":[],"product_brand":[],"product_cat":[129,130],"product_tag":[136,135,132,133,131,134],"class_list":{"0":"post-6981","1":"product","2":"type-product","3":"status-publish","4":"has-post-thumbnail","6":"product_cat-cours-ditalien","7":"product_cat-cours-prives","8":"product_tag-cours-ditalien-efficace","9":"product_tag-cours-ditalien-sur-mesure","10":"product_tag-cours-en-ligne","11":"product_tag-cours-sur-mesure","12":"product_tag-italien","13":"product_tag-langue-italienne","15":"first","16":"instock","17":"shipping-taxable","18":"purchasable","19":"product-type-variable"},"_links":{"self":[{"href":"https:\/\/magnificomondoitaliano.com\/fr\/wp-json\/wp\/v2\/product\/6981","targetHints":{"allow":["GET"]}}],"collection":[{"href":"https:\/\/magnificomondoitaliano.com\/fr\/wp-json\/wp\/v2\/product"}],"about":[{"href":"https:\/\/magnificomondoitaliano.com\/fr\/wp-json\/wp\/v2\/types\/product"}],"wp:featuredmedia":[{"embeddable":true,"href":"https:\/\/magnificomondoitaliano.com\/fr\/wp-json\/wp\/v2\/media\/4424"}],"wp:attachment":[{"href":"https:\/\/magnificomondoitaliano.com\/fr\/wp-json\/wp\/v2\/media?parent=6981"}],"wp:term":[{"taxonomy":"product_brand","embeddable":true,"href":"https:\/\/magnificomondoitaliano.com\/fr\/wp-json\/wp\/v2\/product_brand?post=6981"},{"taxonomy":"product_cat","embeddable":true,"href":"https:\/\/magnificomondoitaliano.com\/fr\/wp-json\/wp\/v2\/product_cat?post=6981"},{"taxonomy":"product_tag","embeddable":true,"href":"https:\/\/magnificomondoitaliano.com\/fr\/wp-json\/wp\/v2\/product_tag?post=6981"}],"curies":[{"name":"wp","href":"https:\/\/api.w.org\/{rel}","templated":true}]}}